{"id":7360,"date":"2025-04-23T18:08:49","date_gmt":"2025-04-23T18:08:49","guid":{"rendered":"http:\/\/localcalotas.local\/?post_type=product&#038;p=7360"},"modified":"2026-04-01T17:26:32","modified_gmt":"2026-04-01T17:26:32","slug":"tshirt-camones","status":"publish","type":"product","link":"https:\/\/ticalotas.pt\/?product=tshirt-camones","title":{"rendered":"Tshirt &#8220;Camones&#8221;"},"content":{"rendered":"<p class=\"\" data-start=\"191\" data-end=\"372\">???? Inspirada no cl\u00e1ssico log\u00f3tipo dos Ramones, esta t-shirt celebra os nossos \u201cCamones\u201d \u2014 aqueles turistas que trocam a neve pelo Sol do Algarve e tentam pedir uma bica em ingl\u00eas! Uma pe\u00e7a cheia de estilo, sotaque e humor algarvio. Ideal para locais com orgulho e turistas com auto-ironia!<\/p>\n","protected":false},"excerpt":{"rendered":"<p class=\"\" data-start=\"191\" data-end=\"372\">???? Inspirada no cl\u00e1ssico log\u00f3tipo dos Ramones, esta t-shirt celebra os nossos \u201cCamones\u201d \u2014 aqueles turistas que trocam a neve pelo Sol do Algarve e tentam pedir uma bica em ingl\u00eas! Uma pe\u00e7a cheia de estilo, sotaque e humor algarvio. Ideal para locais com orgulho e turistas com auto-ironia!<\/p>\n<ul>\n<li>T-shirt 100% algod\u00e3o org\u00e2nico.<\/li>\n<li>Algod\u00e3o penteado produzida em Portugal com 180 grs.<\/li>\n<li>Tecido lavado.<\/li>\n<li>Tecido de malha com canelado 1\u00d71.<\/li>\n<li>C\u00f3s interior do tecido principal n\u00e3o canelado.<\/li>\n<li>Ponto duplo nos punhos e na bainha inferior.<\/li>\n<li><img decoding=\"async\" class=\"\" title=\"UN MUNDO MELLOR\" src=\"https:\/\/www.nikisgalicia.com\/fotos\/logos\/umm.png\" alt=\"UN MUNDO MELLOR\" width=\"56\" height=\"56\" \/>\u00a0<img decoding=\"async\" class=\"\" title=\"GOTS -Global Organic Textile Standard\" src=\"https:\/\/www.nikisgalicia.com\/fotos\/logos\/gots.png\" alt=\"GOTS -Global Organic Textile Standard\" width=\"55\" height=\"55\" \/>\u00a0<img decoding=\"async\" class=\"\" title=\"OCS blended\" src=\"https:\/\/www.nikisgalicia.com\/fotos\/logos\/ob.png\" alt=\"OCS blended\" width=\"57\" height=\"57\" \/><img loading=\"lazy\" decoding=\"async\" class=\"\" title=\"PETA Approved Vegan\" src=\"https:\/\/www.nikisgalicia.com\/fotos\/logos\/peta.png\" alt=\"PETA Approved Vegan\" width=\"65\" height=\"65\" \/>\u00a0<img loading=\"lazy\" decoding=\"async\" class=\"\" title=\"OEKO-TEX\u00ae\" src=\"https:\/\/www.nikisgalicia.com\/fotos\/logos\/oeko.png\" alt=\"OEKO-TEX\u00ae\" width=\"65\" height=\"65\" \/>\u00a0<img loading=\"lazy\" decoding=\"async\" class=\"\" title=\"Algod\u00f3n 100%\" src=\"https:\/\/www.nikisgalicia.com\/fotos\/logos\/algodon100.png\" alt=\"Algod\u00f3n 100%\" width=\"68\" height=\"68\" \/><\/li>\n<li><img loading=\"lazy\" decoding=\"async\" class=\"\" title=\"Lavado\" src=\"https:\/\/www.nikisgalicia.com\/fotos\/logos\/lavado.png\" alt=\"Lavado\" width=\"337\" height=\"34\" \/><\/li>\n<\/ul>\n","protected":false},"featured_media":10163,"comment_status":"open","ping_status":"closed","template":"","meta":{"googlesitekit_rrm_CAowwe67DA:productID":"","site-sidebar-layout":"default","site-content-layout":"","ast-site-content-layout":"default","site-content-style":"default","site-sidebar-style":"default","ast-global-header-display":"","ast-banner-title-visibility":"","ast-main-header-display":"","ast-hfb-above-header-display":"","ast-hfb-below-header-display":"","ast-hfb-mobile-header-display":"","site-post-title":"","ast-breadcrumbs-content":"","ast-featured-img":"","footer-sml-layout":"","ast-disable-related-posts":"","theme-transparent-header-meta":"default","adv-header-id-meta":"","stick-header-meta":"","header-above-stick-meta":"","header-main-stick-meta":"","header-below-stick-meta":"","astra-migrate-meta-layouts":"set","ast-page-background-enabled":"default","ast-page-background-meta":{"desktop":{"background-color":"","background-image":"","background-repeat":"repeat","background-position":"center center","background-size":"auto","background-attachment":"scroll","background-type":"","background-media":"","overlay-type":"","overlay-color":"","overlay-opacity":"","overlay-gradient":""},"tablet":{"background-color":"","background-image":"","background-repeat":"repeat","background-position":"center center","background-size":"auto","background-attachment":"scroll","background-type":"","background-media":"","overlay-type":"","overlay-color":"","overlay-opacity":"","overlay-gradient":""},"mobile":{"background-color":"","background-image":"","background-repeat":"repeat","background-position":"center center","background-size":"auto","background-attachment":"scroll","background-type":"","background-media":"","overlay-type":"","overlay-color":"","overlay-opacity":"","overlay-gradient":""}},"ast-content-background-meta":{"desktop":{"background-color":"var(--ast-global-color-5)","background-image":"","background-repeat":"repeat","background-position":"center center","background-size":"auto","background-attachment":"scroll","background-type":"","background-media":"","overlay-type":"","overlay-color":"","overlay-opacity":"","overlay-gradient":""},"tablet":{"background-color":"var(--ast-global-color-5)","background-image":"","background-repeat":"repeat","background-position":"center center","background-size":"auto","background-attachment":"scroll","background-type":"","background-media":"","overlay-type":"","overlay-color":"","overlay-opacity":"","overlay-gradient":""},"mobile":{"background-color":"var(--ast-global-color-5)","background-image":"","background-repeat":"repeat","background-position":"center center","background-size":"auto","background-attachment":"scroll","background-type":"","background-media":"","overlay-type":"","overlay-color":"","overlay-opacity":"","overlay-gradient":""}},"jetpack_publicize_message":"","jetpack_publicize_feature_enabled":true,"jetpack_social_post_already_shared":false,"jetpack_social_options":{"image_generator_settings":{"template":"highway","default_image_id":0,"font":"","enabled":false},"version":2}},"product_brand":[],"product_cat":[23],"product_tag":[65],"class_list":{"0":"post-7360","1":"product","2":"type-product","3":"status-publish","4":"has-post-thumbnail","6":"product_cat-ticalotas","7":"product_tag-saldos","8":"pa_cor-azul","9":"pa_cor-preto","10":"pa_cor-verde","11":"pa_tamanho-l","12":"pa_tamanho-m","13":"pa_tamanho-s","14":"pa_tamanho-xl","15":"desktop-align-left","16":"tablet-align-left","17":"mobile-align-left","19":"first","20":"instock","21":"featured","22":"taxable","23":"shipping-taxable","24":"purchasable","25":"product-type-variable"},"yoast_head":"<!-- This site is optimized with the Yoast SEO plugin v27.3 - https:\/\/yoast.com\/product\/yoast-seo-wordpress\/ -->\n<title>Tshirt &quot;Camones&quot; - Ti Calotas-Algarve Style<\/title>\n<meta name=\"description\" content=\"A t-shirt celebra os nossos \u201cCamones\u201d aqueles turistas que trocam a neve pelo Sol do Algarve e tentam pedir uma bica em ingl\u00eas! Ideal para locais e turistas\" \/>\n<meta name=\"robots\" content=\"index, follow, max-snippet:-1, max-image-preview:large, max-video-preview:-1\" \/>\n<link rel=\"canonical\" href=\"https:\/\/ticalotas.pt\/?product=tshirt-camones\" \/>\n<meta property=\"og:locale\" content=\"pt_PT\" \/>\n<meta property=\"og:type\" content=\"article\" \/>\n<meta property=\"og:title\" content=\"Tshirt &quot;Camones&quot; - Ti Calotas-Algarve Style\" \/>\n<meta property=\"og:description\" content=\"A t-shirt celebra os nossos \u201cCamones\u201d aqueles turistas que trocam a neve pelo Sol do Algarve e tentam pedir uma bica em ingl\u00eas! Ideal para locais e turistas\" \/>\n<meta property=\"og:url\" content=\"https:\/\/ticalotas.pt\/?product=tshirt-camones\" \/>\n<meta property=\"og:site_name\" content=\"Ti Calotas-Algarve Style\" \/>\n<meta property=\"article:publisher\" content=\"https:\/\/www.facebook.com\/profile.php?id=61558178113987\" \/>\n<meta property=\"article:modified_time\" content=\"2026-04-01T17:26:32+00:00\" \/>\n<meta property=\"og:image\" content=\"https:\/\/ticalotas.pt\/wp-content\/uploads\/2026\/03\/pomelli-image-8.png\" \/>\n\t<meta property=\"og:image:width\" content=\"1024\" \/>\n\t<meta property=\"og:image:height\" content=\"1024\" \/>\n\t<meta property=\"og:image:type\" content=\"image\/png\" \/>\n<meta name=\"twitter:card\" content=\"summary_large_image\" \/>\n<meta name=\"twitter:label1\" content=\"Tempo estimado de leitura\" \/>\n\t<meta name=\"twitter:data1\" content=\"1 minuto\" \/>\n<script type=\"application\/ld+json\" class=\"yoast-schema-graph\">{\"@context\":\"https:\\\/\\\/schema.org\",\"@graph\":[{\"@type\":\"WebPage\",\"@id\":\"https:\\\/\\\/ticalotas.pt\\\/?product=tshirt-camones\",\"url\":\"https:\\\/\\\/ticalotas.pt\\\/?product=tshirt-camones\",\"name\":\"Tshirt \\\"Camones\\\" - Ti Calotas-Algarve Style\",\"isPartOf\":{\"@id\":\"https:\\\/\\\/ticalotas.pt\\\/#website\"},\"primaryImageOfPage\":{\"@id\":\"https:\\\/\\\/ticalotas.pt\\\/?product=tshirt-camones#primaryimage\"},\"image\":{\"@id\":\"https:\\\/\\\/ticalotas.pt\\\/?product=tshirt-camones#primaryimage\"},\"thumbnailUrl\":\"https:\\\/\\\/ticalotas.pt\\\/wp-content\\\/uploads\\\/2026\\\/03\\\/pomelli-image-8.png\",\"datePublished\":\"2025-04-23T18:08:49+00:00\",\"dateModified\":\"2026-04-01T17:26:32+00:00\",\"description\":\"A t-shirt celebra os nossos \u201cCamones\u201d aqueles turistas que trocam a neve pelo Sol do Algarve e tentam pedir uma bica em ingl\u00eas! Ideal para locais e turistas\",\"breadcrumb\":{\"@id\":\"https:\\\/\\\/ticalotas.pt\\\/?product=tshirt-camones#breadcrumb\"},\"inLanguage\":\"pt-PT\",\"potentialAction\":[{\"@type\":\"ReadAction\",\"target\":[\"https:\\\/\\\/ticalotas.pt\\\/?product=tshirt-camones\"]}]},{\"@type\":\"ImageObject\",\"inLanguage\":\"pt-PT\",\"@id\":\"https:\\\/\\\/ticalotas.pt\\\/?product=tshirt-camones#primaryimage\",\"url\":\"https:\\\/\\\/ticalotas.pt\\\/wp-content\\\/uploads\\\/2026\\\/03\\\/pomelli-image-8.png\",\"contentUrl\":\"https:\\\/\\\/ticalotas.pt\\\/wp-content\\\/uploads\\\/2026\\\/03\\\/pomelli-image-8.png\",\"width\":1024,\"height\":1024},{\"@type\":\"BreadcrumbList\",\"@id\":\"https:\\\/\\\/ticalotas.pt\\\/?product=tshirt-camones#breadcrumb\",\"itemListElement\":[{\"@type\":\"ListItem\",\"position\":1,\"name\":\"In\u00edcio\",\"item\":\"https:\\\/\\\/ticalotas.pt\\\/\"},{\"@type\":\"ListItem\",\"position\":2,\"name\":\"Loja\",\"item\":\"https:\\\/\\\/ticalotas.pt\\\/?page_id=2053\"},{\"@type\":\"ListItem\",\"position\":3,\"name\":\"Tshirt &#8220;Camones&#8221;\"}]},{\"@type\":\"WebSite\",\"@id\":\"https:\\\/\\\/ticalotas.pt\\\/#website\",\"url\":\"https:\\\/\\\/ticalotas.pt\\\/\",\"name\":\"Ti Calotas-Algarve Style\",\"description\":\"T-shirts com express\u00f5es t\u00edpicas do Algarve, trocadilhos e frases divertidas.  Sweatshirts confort\u00e1veis com designs originais ligados \u00e0 cultura algarvia. Canecas com ilustra\u00e7\u00f5es e frases que celebram o esp\u00edrito do sul. Bon\u00e9s estilosos com mensagens humor\u00edsticas ou express\u00f5es locais.  Posters e ilustra\u00e7\u00f5es inspirados na vida e tradi\u00e7\u00f5es do Algarve.\",\"publisher\":{\"@id\":\"https:\\\/\\\/ticalotas.pt\\\/#organization\"},\"potentialAction\":[{\"@type\":\"SearchAction\",\"target\":{\"@type\":\"EntryPoint\",\"urlTemplate\":\"https:\\\/\\\/ticalotas.pt\\\/?s={search_term_string}\"},\"query-input\":{\"@type\":\"PropertyValueSpecification\",\"valueRequired\":true,\"valueName\":\"search_term_string\"}}],\"inLanguage\":\"pt-PT\"},{\"@type\":\"Organization\",\"@id\":\"https:\\\/\\\/ticalotas.pt\\\/#organization\",\"name\":\"Ti Calotas-Algarve Style\",\"url\":\"https:\\\/\\\/ticalotas.pt\\\/\",\"logo\":{\"@type\":\"ImageObject\",\"inLanguage\":\"pt-PT\",\"@id\":\"https:\\\/\\\/ticalotas.pt\\\/#\\\/schema\\\/logo\\\/image\\\/\",\"url\":\"https:\\\/\\\/ticalotas.pt\\\/wp-content\\\/uploads\\\/2026\\\/02\\\/ti\u00b4calotas-2.png\",\"contentUrl\":\"https:\\\/\\\/ticalotas.pt\\\/wp-content\\\/uploads\\\/2026\\\/02\\\/ti\u00b4calotas-2.png\",\"width\":1000,\"height\":1000,\"caption\":\"Ti Calotas-Algarve Style\"},\"image\":{\"@id\":\"https:\\\/\\\/ticalotas.pt\\\/#\\\/schema\\\/logo\\\/image\\\/\"},\"sameAs\":[\"https:\\\/\\\/www.facebook.com\\\/profile.php?id=61558178113987\",\"https:\\\/\\\/www.instagram.com\\\/ticalotas2024\"]}]}<\/script>\n<!-- \/ Yoast SEO plugin. -->","yoast_head_json":{"title":"Tshirt \"Camones\" - Ti Calotas-Algarve Style","description":"A t-shirt celebra os nossos \u201cCamones\u201d aqueles turistas que trocam a neve pelo Sol do Algarve e tentam pedir uma bica em ingl\u00eas! Ideal para locais e turistas","robots":{"index":"index","follow":"follow","max-snippet":"max-snippet:-1","max-image-preview":"max-image-preview:large","max-video-preview":"max-video-preview:-1"},"canonical":"https:\/\/ticalotas.pt\/?product=tshirt-camones","og_locale":"pt_PT","og_type":"article","og_title":"Tshirt \"Camones\" - Ti Calotas-Algarve Style","og_description":"A t-shirt celebra os nossos \u201cCamones\u201d aqueles turistas que trocam a neve pelo Sol do Algarve e tentam pedir uma bica em ingl\u00eas! Ideal para locais e turistas","og_url":"https:\/\/ticalotas.pt\/?product=tshirt-camones","og_site_name":"Ti Calotas-Algarve Style","article_publisher":"https:\/\/www.facebook.com\/profile.php?id=61558178113987","article_modified_time":"2026-04-01T17:26:32+00:00","og_image":[{"width":1024,"height":1024,"url":"https:\/\/ticalotas.pt\/wp-content\/uploads\/2026\/03\/pomelli-image-8.png","type":"image\/png"}],"twitter_card":"summary_large_image","twitter_misc":{"Tempo estimado de leitura":"1 minuto"},"schema":{"@context":"https:\/\/schema.org","@graph":[{"@type":"WebPage","@id":"https:\/\/ticalotas.pt\/?product=tshirt-camones","url":"https:\/\/ticalotas.pt\/?product=tshirt-camones","name":"Tshirt \"Camones\" - Ti Calotas-Algarve Style","isPartOf":{"@id":"https:\/\/ticalotas.pt\/#website"},"primaryImageOfPage":{"@id":"https:\/\/ticalotas.pt\/?product=tshirt-camones#primaryimage"},"image":{"@id":"https:\/\/ticalotas.pt\/?product=tshirt-camones#primaryimage"},"thumbnailUrl":"https:\/\/ticalotas.pt\/wp-content\/uploads\/2026\/03\/pomelli-image-8.png","datePublished":"2025-04-23T18:08:49+00:00","dateModified":"2026-04-01T17:26:32+00:00","description":"A t-shirt celebra os nossos \u201cCamones\u201d aqueles turistas que trocam a neve pelo Sol do Algarve e tentam pedir uma bica em ingl\u00eas! Ideal para locais e turistas","breadcrumb":{"@id":"https:\/\/ticalotas.pt\/?product=tshirt-camones#breadcrumb"},"inLanguage":"pt-PT","potentialAction":[{"@type":"ReadAction","target":["https:\/\/ticalotas.pt\/?product=tshirt-camones"]}]},{"@type":"ImageObject","inLanguage":"pt-PT","@id":"https:\/\/ticalotas.pt\/?product=tshirt-camones#primaryimage","url":"https:\/\/ticalotas.pt\/wp-content\/uploads\/2026\/03\/pomelli-image-8.png","contentUrl":"https:\/\/ticalotas.pt\/wp-content\/uploads\/2026\/03\/pomelli-image-8.png","width":1024,"height":1024},{"@type":"BreadcrumbList","@id":"https:\/\/ticalotas.pt\/?product=tshirt-camones#breadcrumb","itemListElement":[{"@type":"ListItem","position":1,"name":"In\u00edcio","item":"https:\/\/ticalotas.pt\/"},{"@type":"ListItem","position":2,"name":"Loja","item":"https:\/\/ticalotas.pt\/?page_id=2053"},{"@type":"ListItem","position":3,"name":"Tshirt &#8220;Camones&#8221;"}]},{"@type":"WebSite","@id":"https:\/\/ticalotas.pt\/#website","url":"https:\/\/ticalotas.pt\/","name":"Ti Calotas-Algarve Style","description":"T-shirts com express\u00f5es t\u00edpicas do Algarve, trocadilhos e frases divertidas.  Sweatshirts confort\u00e1veis com designs originais ligados \u00e0 cultura algarvia. Canecas com ilustra\u00e7\u00f5es e frases que celebram o esp\u00edrito do sul. Bon\u00e9s estilosos com mensagens humor\u00edsticas ou express\u00f5es locais.  Posters e ilustra\u00e7\u00f5es inspirados na vida e tradi\u00e7\u00f5es do Algarve.","publisher":{"@id":"https:\/\/ticalotas.pt\/#organization"},"potentialAction":[{"@type":"SearchAction","target":{"@type":"EntryPoint","urlTemplate":"https:\/\/ticalotas.pt\/?s={search_term_string}"},"query-input":{"@type":"PropertyValueSpecification","valueRequired":true,"valueName":"search_term_string"}}],"inLanguage":"pt-PT"},{"@type":"Organization","@id":"https:\/\/ticalotas.pt\/#organization","name":"Ti Calotas-Algarve Style","url":"https:\/\/ticalotas.pt\/","logo":{"@type":"ImageObject","inLanguage":"pt-PT","@id":"https:\/\/ticalotas.pt\/#\/schema\/logo\/image\/","url":"https:\/\/ticalotas.pt\/wp-content\/uploads\/2026\/02\/ti\u00b4calotas-2.png","contentUrl":"https:\/\/ticalotas.pt\/wp-content\/uploads\/2026\/02\/ti\u00b4calotas-2.png","width":1000,"height":1000,"caption":"Ti Calotas-Algarve Style"},"image":{"@id":"https:\/\/ticalotas.pt\/#\/schema\/logo\/image\/"},"sameAs":["https:\/\/www.facebook.com\/profile.php?id=61558178113987","https:\/\/www.instagram.com\/ticalotas2024"]}]}},"jetpack_publicize_connections":[],"jetpack_sharing_enabled":true,"jetpack_likes_enabled":true,"_links":{"self":[{"href":"https:\/\/ticalotas.pt\/index.php?rest_route=\/wp\/v2\/product\/7360","targetHints":{"allow":["GET"]}}],"collection":[{"href":"https:\/\/ticalotas.pt\/index.php?rest_route=\/wp\/v2\/product"}],"about":[{"href":"https:\/\/ticalotas.pt\/index.php?rest_route=\/wp\/v2\/types\/product"}],"replies":[{"embeddable":true,"href":"https:\/\/ticalotas.pt\/index.php?rest_route=%2Fwp%2Fv2%2Fcomments&post=7360"}],"wp:featuredmedia":[{"embeddable":true,"href":"https:\/\/ticalotas.pt\/index.php?rest_route=\/wp\/v2\/media\/10163"}],"wp:attachment":[{"href":"https:\/\/ticalotas.pt\/index.php?rest_route=%2Fwp%2Fv2%2Fmedia&parent=7360"}],"wp:term":[{"taxonomy":"product_brand","embeddable":true,"href":"https:\/\/ticalotas.pt\/index.php?rest_route=%2Fwp%2Fv2%2Fproduct_brand&post=7360"},{"taxonomy":"product_cat","embeddable":true,"href":"https:\/\/ticalotas.pt\/index.php?rest_route=%2Fwp%2Fv2%2Fproduct_cat&post=7360"},{"taxonomy":"product_tag","embeddable":true,"href":"https:\/\/ticalotas.pt\/index.php?rest_route=%2Fwp%2Fv2%2Fproduct_tag&post=7360"}],"curies":[{"name":"wp","href":"https:\/\/api.w.org\/{rel}","templated":true}]}}