{"id":8317,"date":"2025-11-10T18:53:48","date_gmt":"2025-11-10T18:53:48","guid":{"rendered":"http:\/\/localcalotas.local\/?post_type=product&#038;p=8317"},"modified":"2026-02-20T18:25:10","modified_gmt":"2026-02-20T18:25:10","slug":"mapa-antigo-albufeira","status":"publish","type":"product","link":"https:\/\/ticalotas.pt\/?product=mapa-antigo-albufeira","title":{"rendered":"Mapa Antigo Albufeira"},"content":{"rendered":"<p data-start=\"985\" data-end=\"1156\">Reviva o esp\u00edrito do Algarve com este <strong data-start=\"1023\" data-end=\"1040\">p\u00f3ster em MDF<\/strong> que representa o <strong data-start=\"1058\" data-end=\"1086\">mapa antigo de Albufeira<\/strong> em <strong data-start=\"1090\" data-end=\"1104\">tons s\u00e9pia<\/strong>, num estilo vintage cheio de charme e identidade.<\/p>\n<p data-start=\"1158\" data-end=\"1416\">Cada detalhe deste mapa remete \u00e0s ra\u00edzes mar\u00edtimas e \u00e0 hist\u00f3ria desta cidade algarvia, tornando-o uma pe\u00e7a perfeita para quem quer decorar com significado. O acabamento em <strong data-start=\"1330\" data-end=\"1359\">MDF de qualidade superior<\/strong> real\u00e7a a textura e d\u00e1 um toque acolhedor e intemporal.<\/p>\n<p data-start=\"1418\" data-end=\"1575\">Ideal para quem se deixa encantar pelo <strong data-start=\"1457\" data-end=\"1487\">Algarve de ontem e de hoje<\/strong>, este mapa \u00e9 uma homenagem elegante \u00e0 cidade das fal\u00e9sias douradas e do mar infinito.<\/p>\n<p data-start=\"1577\" data-end=\"1661\">???? <strong data-start=\"1580\" data-end=\"1625\">Um cl\u00e1ssico decorativo com alma algarvia.<\/strong><\/p>\n","protected":false},"excerpt":{"rendered":"<p data-start=\"248\" data-end=\"421\">D\u00ea um toque de nostalgia e eleg\u00e2ncia ao seu espa\u00e7o com este <strong data-start=\"308\" data-end=\"325\">p\u00f3ster em MDF<\/strong> que retrata Mapa Antigo da Cidade de Albufeira (Tons S\u00e9pia)<\/p>\n<p>Reviva o esp\u00edrito do Algarve com este p\u00f3ster em MDF que representa o mapa antigo de Albufeira em tons s\u00e9pia, num estilo vintage cheio de charme e identidade.<\/p>\n<p>Cada detalhe deste mapa remete \u00e0s ra\u00edzes mar\u00edtimas e \u00e0 hist\u00f3ria desta cidade algarvia, tornando-o uma pe\u00e7a perfeita para quem quer decorar com significado. O acabamento em MDF de qualidade superior real\u00e7a a textura e d\u00e1 um toque acolhedor e intemporal.<\/p>\n<p>Ideal para quem se deixa encantar pelo Algarve de ontem e de hoje, este mapa \u00e9 uma homenagem elegante \u00e0 cidade das fal\u00e9sias douradas e do mar infinito.<\/p>\n<p>???? Um cl\u00e1ssico decorativo com alma algarvia.o <strong data-start=\"340\" data-end=\"373\">mapa antigo da cidade de Faro<\/strong>, cuidadosamente trabalhado em <strong data-start=\"404\" data-end=\"418\">tons s\u00e9pia<\/strong>.<\/p>\n<p data-start=\"423\" data-end=\"738\">Inspirado nos mapas cl\u00e1ssicos de outros tempos, esta pe\u00e7a combina <strong data-start=\"489\" data-end=\"519\">hist\u00f3ria, arte e decora\u00e7\u00e3o<\/strong>, transformando qualquer parede num tributo \u00e0 capital algarvia. O acabamento em <strong data-start=\"599\" data-end=\"624\">MDF de alta qualidade<\/strong> garante durabilidade e um visual sofisticado, enquanto o design envelhecido em s\u00e9pia evoca o charme do passado.<\/p>\n<p data-start=\"740\" data-end=\"886\">Perfeito para <strong data-start=\"754\" data-end=\"807\">amantes de Faro, do Algarve e de objetos com alma<\/strong>, este mapa \u00e9 mais do que decora\u00e7\u00e3o \u2014 \u00e9 uma viagem no tempo em forma de arte.<\/p>\n<p data-start=\"888\" data-end=\"983\">???? <strong data-start=\"891\" data-end=\"947\">Elegante, intemporal e cheio de identidade algarvia.<\/strong><\/p>\n","protected":false},"featured_media":9341,"comment_status":"open","ping_status":"closed","template":"","meta":{"googlesitekit_rrm_CAowwe67DA:productID":"","site-sidebar-layout":"default","site-content-layout":"","ast-site-content-layout":"default","site-content-style":"default","site-sidebar-style":"default","ast-global-header-display":"","ast-banner-title-visibility":"","ast-main-header-display":"","ast-hfb-above-header-display":"","ast-hfb-below-header-display":"","ast-hfb-mobile-header-display":"","site-post-title":"","ast-breadcrumbs-content":"","ast-featured-img":"","footer-sml-layout":"","ast-disable-related-posts":"","theme-transparent-header-meta":"default","adv-header-id-meta":"","stick-header-meta":"","header-above-stick-meta":"","header-main-stick-meta":"","header-below-stick-meta":"","astra-migrate-meta-layouts":"set","ast-page-background-enabled":"default","ast-page-background-meta":{"desktop":{"background-color":"","background-image":"","background-repeat":"repeat","background-position":"center center","background-size":"auto","background-attachment":"scroll","background-type":"","background-media":"","overlay-type":"","overlay-color":"","overlay-opacity":"","overlay-gradient":""},"tablet":{"background-color":"","background-image":"","background-repeat":"repeat","background-position":"center center","background-size":"auto","background-attachment":"scroll","background-type":"","background-media":"","overlay-type":"","overlay-color":"","overlay-opacity":"","overlay-gradient":""},"mobile":{"background-color":"","background-image":"","background-repeat":"repeat","background-position":"center center","background-size":"auto","background-attachment":"scroll","background-type":"","background-media":"","overlay-type":"","overlay-color":"","overlay-opacity":"","overlay-gradient":""}},"ast-content-background-meta":{"desktop":{"background-color":"var(--ast-global-color-5)","background-image":"","background-repeat":"repeat","background-position":"center center","background-size":"auto","background-attachment":"scroll","background-type":"","background-media":"","overlay-type":"","overlay-color":"","overlay-opacity":"","overlay-gradient":""},"tablet":{"background-color":"var(--ast-global-color-5)","background-image":"","background-repeat":"repeat","background-position":"center center","background-size":"auto","background-attachment":"scroll","background-type":"","background-media":"","overlay-type":"","overlay-color":"","overlay-opacity":"","overlay-gradient":""},"mobile":{"background-color":"var(--ast-global-color-5)","background-image":"","background-repeat":"repeat","background-position":"center center","background-size":"auto","background-attachment":"scroll","background-type":"","background-media":"","overlay-type":"","overlay-color":"","overlay-opacity":"","overlay-gradient":""}},"jetpack_publicize_message":"","jetpack_publicize_feature_enabled":true,"jetpack_social_post_already_shared":true,"jetpack_social_options":{"image_generator_settings":{"template":"highway","default_image_id":0,"font":"","enabled":false},"version":2}},"product_brand":[],"product_cat":[117],"product_tag":[],"class_list":{"0":"post-8317","1":"product","2":"type-product","3":"status-publish","4":"has-post-thumbnail","6":"product_cat-mapas","7":"pa_tamanho-a3","8":"pa_tamanho-a4","9":"desktop-align-left","10":"tablet-align-left","11":"mobile-align-left","13":"first","14":"instock","15":"taxable","16":"shipping-taxable","17":"purchasable","18":"product-type-variable"},"yoast_head":"<!-- This site is optimized with the Yoast SEO plugin v27.3 - https:\/\/yoast.com\/product\/yoast-seo-wordpress\/ -->\n<title>Mapa Antigo Albufeira - Ti Calotas-Algarve Style<\/title>\n<meta name=\"robots\" content=\"index, follow, max-snippet:-1, max-image-preview:large, max-video-preview:-1\" \/>\n<link rel=\"canonical\" href=\"https:\/\/ticalotas.pt\/?product=mapa-antigo-albufeira\" \/>\n<meta property=\"og:locale\" content=\"pt_PT\" \/>\n<meta property=\"og:type\" content=\"article\" \/>\n<meta property=\"og:title\" content=\"Mapa Antigo Albufeira - Ti Calotas-Algarve Style\" \/>\n<meta property=\"og:description\" content=\"D\u00ea um toque de nostalgia e eleg\u00e2ncia ao seu espa\u00e7o com este p\u00f3ster em MDF que retrata Mapa Antigo da Cidade de Albufeira (Tons S\u00e9pia) Reviva o esp\u00edrito do Algarve com este p\u00f3ster em MDF que representa o mapa antigo de Albufeira em tons s\u00e9pia, num estilo vintage cheio de charme e identidade.  Cada detalhe deste mapa remete \u00e0s ra\u00edzes mar\u00edtimas e \u00e0 hist\u00f3ria desta cidade algarvia, tornando-o uma pe\u00e7a perfeita para quem quer decorar com significado. O acabamento em MDF de qualidade superior real\u00e7a a textura e d\u00e1 um toque acolhedor e intemporal.  Ideal para quem se deixa encantar pelo Algarve de ontem e de hoje, este mapa \u00e9 uma homenagem elegante \u00e0 cidade das fal\u00e9sias douradas e do mar infinito.  ???? Um cl\u00e1ssico decorativo com alma algarvia.o mapa antigo da cidade de Faro, cuidadosamente trabalhado em tons s\u00e9pia. Inspirado nos mapas cl\u00e1ssicos de outros tempos, esta pe\u00e7a combina hist\u00f3ria, arte e decora\u00e7\u00e3o, transformando qualquer parede num tributo \u00e0 capital algarvia. O acabamento em MDF de alta qualidade garante durabilidade e um visual sofisticado, enquanto o design envelhecido em s\u00e9pia evoca o charme do passado. Perfeito para amantes de Faro, do Algarve e de objetos com alma, este mapa \u00e9 mais do que decora\u00e7\u00e3o \u2014 \u00e9 uma viagem no tempo em forma de arte. ???? Elegante, intemporal e cheio de identidade algarvia.\" \/>\n<meta property=\"og:url\" content=\"https:\/\/ticalotas.pt\/?product=mapa-antigo-albufeira\" \/>\n<meta property=\"og:site_name\" content=\"Ti Calotas-Algarve Style\" \/>\n<meta property=\"article:publisher\" content=\"https:\/\/www.facebook.com\/profile.php?id=61558178113987\" \/>\n<meta property=\"article:modified_time\" content=\"2026-02-20T18:25:10+00:00\" \/>\n<meta property=\"og:image\" content=\"https:\/\/ticalotas.pt\/wp-content\/uploads\/2026\/02\/Old-Standard-2.png\" \/>\n\t<meta property=\"og:image:width\" content=\"707\" \/>\n\t<meta property=\"og:image:height\" content=\"1000\" \/>\n\t<meta property=\"og:image:type\" content=\"image\/png\" \/>\n<meta name=\"twitter:card\" content=\"summary_large_image\" \/>\n<meta name=\"twitter:label1\" content=\"Tempo estimado de leitura\" \/>\n\t<meta name=\"twitter:data1\" content=\"1 minuto\" \/>\n<script type=\"application\/ld+json\" class=\"yoast-schema-graph\">{\"@context\":\"https:\\\/\\\/schema.org\",\"@graph\":[{\"@type\":\"WebPage\",\"@id\":\"https:\\\/\\\/ticalotas.pt\\\/?product=mapa-antigo-albufeira\",\"url\":\"https:\\\/\\\/ticalotas.pt\\\/?product=mapa-antigo-albufeira\",\"name\":\"Mapa Antigo Albufeira - Ti Calotas-Algarve Style\",\"isPartOf\":{\"@id\":\"https:\\\/\\\/ticalotas.pt\\\/#website\"},\"primaryImageOfPage\":{\"@id\":\"https:\\\/\\\/ticalotas.pt\\\/?product=mapa-antigo-albufeira#primaryimage\"},\"image\":{\"@id\":\"https:\\\/\\\/ticalotas.pt\\\/?product=mapa-antigo-albufeira#primaryimage\"},\"thumbnailUrl\":\"https:\\\/\\\/ticalotas.pt\\\/wp-content\\\/uploads\\\/2026\\\/02\\\/Old-Standard-2.png\",\"datePublished\":\"2025-11-10T18:53:48+00:00\",\"dateModified\":\"2026-02-20T18:25:10+00:00\",\"breadcrumb\":{\"@id\":\"https:\\\/\\\/ticalotas.pt\\\/?product=mapa-antigo-albufeira#breadcrumb\"},\"inLanguage\":\"pt-PT\",\"potentialAction\":[{\"@type\":\"ReadAction\",\"target\":[\"https:\\\/\\\/ticalotas.pt\\\/?product=mapa-antigo-albufeira\"]}]},{\"@type\":\"ImageObject\",\"inLanguage\":\"pt-PT\",\"@id\":\"https:\\\/\\\/ticalotas.pt\\\/?product=mapa-antigo-albufeira#primaryimage\",\"url\":\"https:\\\/\\\/ticalotas.pt\\\/wp-content\\\/uploads\\\/2026\\\/02\\\/Old-Standard-2.png\",\"contentUrl\":\"https:\\\/\\\/ticalotas.pt\\\/wp-content\\\/uploads\\\/2026\\\/02\\\/Old-Standard-2.png\",\"width\":707,\"height\":1000},{\"@type\":\"BreadcrumbList\",\"@id\":\"https:\\\/\\\/ticalotas.pt\\\/?product=mapa-antigo-albufeira#breadcrumb\",\"itemListElement\":[{\"@type\":\"ListItem\",\"position\":1,\"name\":\"In\u00edcio\",\"item\":\"https:\\\/\\\/ticalotas.pt\\\/\"},{\"@type\":\"ListItem\",\"position\":2,\"name\":\"Loja\",\"item\":\"https:\\\/\\\/ticalotas.pt\\\/?page_id=2053\"},{\"@type\":\"ListItem\",\"position\":3,\"name\":\"Mapa Antigo Albufeira\"}]},{\"@type\":\"WebSite\",\"@id\":\"https:\\\/\\\/ticalotas.pt\\\/#website\",\"url\":\"https:\\\/\\\/ticalotas.pt\\\/\",\"name\":\"Ti Calotas-Algarve Style\",\"description\":\"T-shirts com express\u00f5es t\u00edpicas do Algarve, trocadilhos e frases divertidas.  Sweatshirts confort\u00e1veis com designs originais ligados \u00e0 cultura algarvia. Canecas com ilustra\u00e7\u00f5es e frases que celebram o esp\u00edrito do sul. Bon\u00e9s estilosos com mensagens humor\u00edsticas ou express\u00f5es locais.  Posters e ilustra\u00e7\u00f5es inspirados na vida e tradi\u00e7\u00f5es do Algarve.\",\"publisher\":{\"@id\":\"https:\\\/\\\/ticalotas.pt\\\/#organization\"},\"potentialAction\":[{\"@type\":\"SearchAction\",\"target\":{\"@type\":\"EntryPoint\",\"urlTemplate\":\"https:\\\/\\\/ticalotas.pt\\\/?s={search_term_string}\"},\"query-input\":{\"@type\":\"PropertyValueSpecification\",\"valueRequired\":true,\"valueName\":\"search_term_string\"}}],\"inLanguage\":\"pt-PT\"},{\"@type\":\"Organization\",\"@id\":\"https:\\\/\\\/ticalotas.pt\\\/#organization\",\"name\":\"Ti Calotas-Algarve Style\",\"url\":\"https:\\\/\\\/ticalotas.pt\\\/\",\"logo\":{\"@type\":\"ImageObject\",\"inLanguage\":\"pt-PT\",\"@id\":\"https:\\\/\\\/ticalotas.pt\\\/#\\\/schema\\\/logo\\\/image\\\/\",\"url\":\"https:\\\/\\\/ticalotas.pt\\\/wp-content\\\/uploads\\\/2026\\\/02\\\/ti\u00b4calotas-2.png\",\"contentUrl\":\"https:\\\/\\\/ticalotas.pt\\\/wp-content\\\/uploads\\\/2026\\\/02\\\/ti\u00b4calotas-2.png\",\"width\":1000,\"height\":1000,\"caption\":\"Ti Calotas-Algarve Style\"},\"image\":{\"@id\":\"https:\\\/\\\/ticalotas.pt\\\/#\\\/schema\\\/logo\\\/image\\\/\"},\"sameAs\":[\"https:\\\/\\\/www.facebook.com\\\/profile.php?id=61558178113987\",\"https:\\\/\\\/www.instagram.com\\\/ticalotas2024\"]}]}<\/script>\n<!-- \/ Yoast SEO plugin. -->","yoast_head_json":{"title":"Mapa Antigo Albufeira - Ti Calotas-Algarve Style","robots":{"index":"index","follow":"follow","max-snippet":"max-snippet:-1","max-image-preview":"max-image-preview:large","max-video-preview":"max-video-preview:-1"},"canonical":"https:\/\/ticalotas.pt\/?product=mapa-antigo-albufeira","og_locale":"pt_PT","og_type":"article","og_title":"Mapa Antigo Albufeira - Ti Calotas-Algarve Style","og_description":"D\u00ea um toque de nostalgia e eleg\u00e2ncia ao seu espa\u00e7o com este p\u00f3ster em MDF que retrata Mapa Antigo da Cidade de Albufeira (Tons S\u00e9pia) Reviva o esp\u00edrito do Algarve com este p\u00f3ster em MDF que representa o mapa antigo de Albufeira em tons s\u00e9pia, num estilo vintage cheio de charme e identidade.  Cada detalhe deste mapa remete \u00e0s ra\u00edzes mar\u00edtimas e \u00e0 hist\u00f3ria desta cidade algarvia, tornando-o uma pe\u00e7a perfeita para quem quer decorar com significado. O acabamento em MDF de qualidade superior real\u00e7a a textura e d\u00e1 um toque acolhedor e intemporal.  Ideal para quem se deixa encantar pelo Algarve de ontem e de hoje, este mapa \u00e9 uma homenagem elegante \u00e0 cidade das fal\u00e9sias douradas e do mar infinito.  ???? Um cl\u00e1ssico decorativo com alma algarvia.o mapa antigo da cidade de Faro, cuidadosamente trabalhado em tons s\u00e9pia. Inspirado nos mapas cl\u00e1ssicos de outros tempos, esta pe\u00e7a combina hist\u00f3ria, arte e decora\u00e7\u00e3o, transformando qualquer parede num tributo \u00e0 capital algarvia. O acabamento em MDF de alta qualidade garante durabilidade e um visual sofisticado, enquanto o design envelhecido em s\u00e9pia evoca o charme do passado. Perfeito para amantes de Faro, do Algarve e de objetos com alma, este mapa \u00e9 mais do que decora\u00e7\u00e3o \u2014 \u00e9 uma viagem no tempo em forma de arte. ???? Elegante, intemporal e cheio de identidade algarvia.","og_url":"https:\/\/ticalotas.pt\/?product=mapa-antigo-albufeira","og_site_name":"Ti Calotas-Algarve Style","article_publisher":"https:\/\/www.facebook.com\/profile.php?id=61558178113987","article_modified_time":"2026-02-20T18:25:10+00:00","og_image":[{"width":707,"height":1000,"url":"https:\/\/ticalotas.pt\/wp-content\/uploads\/2026\/02\/Old-Standard-2.png","type":"image\/png"}],"twitter_card":"summary_large_image","twitter_misc":{"Tempo estimado de leitura":"1 minuto"},"schema":{"@context":"https:\/\/schema.org","@graph":[{"@type":"WebPage","@id":"https:\/\/ticalotas.pt\/?product=mapa-antigo-albufeira","url":"https:\/\/ticalotas.pt\/?product=mapa-antigo-albufeira","name":"Mapa Antigo Albufeira - Ti Calotas-Algarve Style","isPartOf":{"@id":"https:\/\/ticalotas.pt\/#website"},"primaryImageOfPage":{"@id":"https:\/\/ticalotas.pt\/?product=mapa-antigo-albufeira#primaryimage"},"image":{"@id":"https:\/\/ticalotas.pt\/?product=mapa-antigo-albufeira#primaryimage"},"thumbnailUrl":"https:\/\/ticalotas.pt\/wp-content\/uploads\/2026\/02\/Old-Standard-2.png","datePublished":"2025-11-10T18:53:48+00:00","dateModified":"2026-02-20T18:25:10+00:00","breadcrumb":{"@id":"https:\/\/ticalotas.pt\/?product=mapa-antigo-albufeira#breadcrumb"},"inLanguage":"pt-PT","potentialAction":[{"@type":"ReadAction","target":["https:\/\/ticalotas.pt\/?product=mapa-antigo-albufeira"]}]},{"@type":"ImageObject","inLanguage":"pt-PT","@id":"https:\/\/ticalotas.pt\/?product=mapa-antigo-albufeira#primaryimage","url":"https:\/\/ticalotas.pt\/wp-content\/uploads\/2026\/02\/Old-Standard-2.png","contentUrl":"https:\/\/ticalotas.pt\/wp-content\/uploads\/2026\/02\/Old-Standard-2.png","width":707,"height":1000},{"@type":"BreadcrumbList","@id":"https:\/\/ticalotas.pt\/?product=mapa-antigo-albufeira#breadcrumb","itemListElement":[{"@type":"ListItem","position":1,"name":"In\u00edcio","item":"https:\/\/ticalotas.pt\/"},{"@type":"ListItem","position":2,"name":"Loja","item":"https:\/\/ticalotas.pt\/?page_id=2053"},{"@type":"ListItem","position":3,"name":"Mapa Antigo Albufeira"}]},{"@type":"WebSite","@id":"https:\/\/ticalotas.pt\/#website","url":"https:\/\/ticalotas.pt\/","name":"Ti Calotas-Algarve Style","description":"T-shirts com express\u00f5es t\u00edpicas do Algarve, trocadilhos e frases divertidas.  Sweatshirts confort\u00e1veis com designs originais ligados \u00e0 cultura algarvia. Canecas com ilustra\u00e7\u00f5es e frases que celebram o esp\u00edrito do sul. Bon\u00e9s estilosos com mensagens humor\u00edsticas ou express\u00f5es locais.  Posters e ilustra\u00e7\u00f5es inspirados na vida e tradi\u00e7\u00f5es do Algarve.","publisher":{"@id":"https:\/\/ticalotas.pt\/#organization"},"potentialAction":[{"@type":"SearchAction","target":{"@type":"EntryPoint","urlTemplate":"https:\/\/ticalotas.pt\/?s={search_term_string}"},"query-input":{"@type":"PropertyValueSpecification","valueRequired":true,"valueName":"search_term_string"}}],"inLanguage":"pt-PT"},{"@type":"Organization","@id":"https:\/\/ticalotas.pt\/#organization","name":"Ti Calotas-Algarve Style","url":"https:\/\/ticalotas.pt\/","logo":{"@type":"ImageObject","inLanguage":"pt-PT","@id":"https:\/\/ticalotas.pt\/#\/schema\/logo\/image\/","url":"https:\/\/ticalotas.pt\/wp-content\/uploads\/2026\/02\/ti\u00b4calotas-2.png","contentUrl":"https:\/\/ticalotas.pt\/wp-content\/uploads\/2026\/02\/ti\u00b4calotas-2.png","width":1000,"height":1000,"caption":"Ti Calotas-Algarve Style"},"image":{"@id":"https:\/\/ticalotas.pt\/#\/schema\/logo\/image\/"},"sameAs":["https:\/\/www.facebook.com\/profile.php?id=61558178113987","https:\/\/www.instagram.com\/ticalotas2024"]}]}},"jetpack_publicize_connections":[],"jetpack_sharing_enabled":true,"jetpack_likes_enabled":true,"_links":{"self":[{"href":"https:\/\/ticalotas.pt\/index.php?rest_route=\/wp\/v2\/product\/8317","targetHints":{"allow":["GET"]}}],"collection":[{"href":"https:\/\/ticalotas.pt\/index.php?rest_route=\/wp\/v2\/product"}],"about":[{"href":"https:\/\/ticalotas.pt\/index.php?rest_route=\/wp\/v2\/types\/product"}],"replies":[{"embeddable":true,"href":"https:\/\/ticalotas.pt\/index.php?rest_route=%2Fwp%2Fv2%2Fcomments&post=8317"}],"wp:featuredmedia":[{"embeddable":true,"href":"https:\/\/ticalotas.pt\/index.php?rest_route=\/wp\/v2\/media\/9341"}],"wp:attachment":[{"href":"https:\/\/ticalotas.pt\/index.php?rest_route=%2Fwp%2Fv2%2Fmedia&parent=8317"}],"wp:term":[{"taxonomy":"product_brand","embeddable":true,"href":"https:\/\/ticalotas.pt\/index.php?rest_route=%2Fwp%2Fv2%2Fproduct_brand&post=8317"},{"taxonomy":"product_cat","embeddable":true,"href":"https:\/\/ticalotas.pt\/index.php?rest_route=%2Fwp%2Fv2%2Fproduct_cat&post=8317"},{"taxonomy":"product_tag","embeddable":true,"href":"https:\/\/ticalotas.pt\/index.php?rest_route=%2Fwp%2Fv2%2Fproduct_tag&post=8317"}],"curies":[{"name":"wp","href":"https:\/\/api.w.org\/{rel}","templated":true}]}}