{"id":8325,"date":"2025-11-10T19:39:41","date_gmt":"2025-11-10T19:39:41","guid":{"rendered":"http:\/\/localcalotas.local\/?post_type=product&#038;p=8325"},"modified":"2026-02-20T18:21:30","modified_gmt":"2026-02-20T18:21:30","slug":"mapa-coracao-de-faro","status":"publish","type":"product","link":"https:\/\/ticalotas.pt\/?product=mapa-coracao-de-faro","title":{"rendered":"???? Mapa \u2014 Cora\u00e7\u00e3o de Faro"},"content":{"rendered":"<p data-start=\"364\" data-end=\"620\">Leva o <strong data-start=\"371\" data-end=\"390\">cora\u00e7\u00e3o de Faro<\/strong> contigo, onde quer que estejas.<br data-start=\"422\" data-end=\"425\" \/>Este p\u00f3ster em <strong data-start=\"440\" data-end=\"447\">MDF<\/strong>, com o <strong data-start=\"455\" data-end=\"502\">mapa da cidade de Faro inserido num cora\u00e7\u00e3o<\/strong>, \u00e9 um tributo \u00e0 capital do Algarve \u2014 \u00e0s suas ruas cheias de hist\u00f3rias, ao cheiro do mar e \u00e0 luz que nunca se apaga.<\/p>\n<p data-start=\"622\" data-end=\"809\">Feito com amor e aten\u00e7\u00e3o ao detalhe, este mapa \u00e9 mais do que decora\u00e7\u00e3o: \u00e9 um <strong data-start=\"699\" data-end=\"734\">s\u00edmbolo de identidade e saudade<\/strong>, perfeito para quem nasceu, viveu ou simplesmente se apaixonou por Faro.<\/p>\n<p data-start=\"811\" data-end=\"910\">???? <strong data-start=\"814\" data-end=\"874\">Porque o cora\u00e7\u00e3o algarvio tamb\u00e9m se desenha nas paredes.<\/strong><\/p>\n","protected":false},"excerpt":{"rendered":"<p data-start=\"364\" data-end=\"620\">Leva o <strong data-start=\"371\" data-end=\"390\">cora\u00e7\u00e3o de Faro<\/strong> contigo, onde quer que estejas.<br data-start=\"422\" data-end=\"425\" \/>Este p\u00f3ster em <strong data-start=\"440\" data-end=\"447\">MDF<\/strong>, com o <strong data-start=\"455\" data-end=\"502\">mapa da cidade de Faro inserido num cora\u00e7\u00e3o<\/strong>, \u00e9 um tributo \u00e0 capital do Algarve \u2014 \u00e0s suas ruas cheias de hist\u00f3rias, ao cheiro do mar e \u00e0 luz que nunca se apaga.<\/p>\n<p data-start=\"622\" data-end=\"809\">Feito com amor e aten\u00e7\u00e3o ao detalhe, este mapa \u00e9 mais do que decora\u00e7\u00e3o: \u00e9 um <strong data-start=\"699\" data-end=\"734\">s\u00edmbolo de identidade e saudade<\/strong>, perfeito para quem nasceu, viveu ou simplesmente se apaixonou por Faro.<\/p>\n<p data-start=\"811\" data-end=\"910\">???? <strong data-start=\"814\" data-end=\"874\">Porque o cora\u00e7\u00e3o algarvio tamb\u00e9m se desenha nas paredes.<\/strong><\/p>\n<p data-start=\"1372\" data-end=\"1468\">???? <strong data-start=\"1375\" data-end=\"1432\">Mais do que um mapa \u2014 uma declara\u00e7\u00e3o de amor \u00e0 terra.<\/strong><\/p>\n","protected":false},"featured_media":9365,"comment_status":"open","ping_status":"closed","template":"","meta":{"googlesitekit_rrm_CAowwe67DA:productID":"","site-sidebar-layout":"default","site-content-layout":"","ast-site-content-layout":"default","site-content-style":"default","site-sidebar-style":"default","ast-global-header-display":"","ast-banner-title-visibility":"","ast-main-header-display":"","ast-hfb-above-header-display":"","ast-hfb-below-header-display":"","ast-hfb-mobile-header-display":"","site-post-title":"","ast-breadcrumbs-content":"","ast-featured-img":"","footer-sml-layout":"","ast-disable-related-posts":"","theme-transparent-header-meta":"default","adv-header-id-meta":"","stick-header-meta":"","header-above-stick-meta":"","header-main-stick-meta":"","header-below-stick-meta":"","astra-migrate-meta-layouts":"set","ast-page-background-enabled":"default","ast-page-background-meta":{"desktop":{"background-color":"","background-image":"","background-repeat":"repeat","background-position":"center center","background-size":"auto","background-attachment":"scroll","background-type":"","background-media":"","overlay-type":"","overlay-color":"","overlay-opacity":"","overlay-gradient":""},"tablet":{"background-color":"","background-image":"","background-repeat":"repeat","background-position":"center center","background-size":"auto","background-attachment":"scroll","background-type":"","background-media":"","overlay-type":"","overlay-color":"","overlay-opacity":"","overlay-gradient":""},"mobile":{"background-color":"","background-image":"","background-repeat":"repeat","background-position":"center center","background-size":"auto","background-attachment":"scroll","background-type":"","background-media":"","overlay-type":"","overlay-color":"","overlay-opacity":"","overlay-gradient":""}},"ast-content-background-meta":{"desktop":{"background-color":"var(--ast-global-color-5)","background-image":"","background-repeat":"repeat","background-position":"center center","background-size":"auto","background-attachment":"scroll","background-type":"","background-media":"","overlay-type":"","overlay-color":"","overlay-opacity":"","overlay-gradient":""},"tablet":{"background-color":"var(--ast-global-color-5)","background-image":"","background-repeat":"repeat","background-position":"center center","background-size":"auto","background-attachment":"scroll","background-type":"","background-media":"","overlay-type":"","overlay-color":"","overlay-opacity":"","overlay-gradient":""},"mobile":{"background-color":"var(--ast-global-color-5)","background-image":"","background-repeat":"repeat","background-position":"center center","background-size":"auto","background-attachment":"scroll","background-type":"","background-media":"","overlay-type":"","overlay-color":"","overlay-opacity":"","overlay-gradient":""}},"jetpack_publicize_message":"","jetpack_publicize_feature_enabled":true,"jetpack_social_post_already_shared":true,"jetpack_social_options":{"image_generator_settings":{"template":"highway","default_image_id":0,"font":"","enabled":false},"version":2}},"product_brand":[],"product_cat":[117],"product_tag":[],"class_list":{"0":"post-8325","1":"product","2":"type-product","3":"status-publish","4":"has-post-thumbnail","6":"product_cat-mapas","7":"pa_tamanho-a3","8":"pa_tamanho-a4","9":"desktop-align-left","10":"tablet-align-left","11":"mobile-align-left","13":"first","14":"instock","15":"taxable","16":"shipping-taxable","17":"purchasable","18":"product-type-variable"},"yoast_head":"<!-- This site is optimized with the Yoast SEO plugin v27.3 - https:\/\/yoast.com\/product\/yoast-seo-wordpress\/ -->\n<title>???? Mapa \u2014 Cora\u00e7\u00e3o de Faro - Ti Calotas-Algarve Style<\/title>\n<meta name=\"robots\" content=\"index, follow, max-snippet:-1, max-image-preview:large, max-video-preview:-1\" \/>\n<link rel=\"canonical\" href=\"https:\/\/ticalotas.pt\/?product=mapa-coracao-de-faro\" \/>\n<meta property=\"og:locale\" content=\"pt_PT\" \/>\n<meta property=\"og:type\" content=\"article\" \/>\n<meta property=\"og:title\" content=\"???? Mapa \u2014 Cora\u00e7\u00e3o de Faro - Ti Calotas-Algarve Style\" \/>\n<meta property=\"og:description\" content=\"Leva o cora\u00e7\u00e3o de Faro contigo, onde quer que estejas.Este p\u00f3ster em MDF, com o mapa da cidade de Faro inserido num cora\u00e7\u00e3o, \u00e9 um tributo \u00e0 capital do Algarve \u2014 \u00e0s suas ruas cheias de hist\u00f3rias, ao cheiro do mar e \u00e0 luz que nunca se apaga. Feito com amor e aten\u00e7\u00e3o ao detalhe, este mapa \u00e9 mais do que decora\u00e7\u00e3o: \u00e9 um s\u00edmbolo de identidade e saudade, perfeito para quem nasceu, viveu ou simplesmente se apaixonou por Faro. ???? Porque o cora\u00e7\u00e3o algarvio tamb\u00e9m se desenha nas paredes. ???? Mais do que um mapa \u2014 uma declara\u00e7\u00e3o de amor \u00e0 terra.\" \/>\n<meta property=\"og:url\" content=\"https:\/\/ticalotas.pt\/?product=mapa-coracao-de-faro\" \/>\n<meta property=\"og:site_name\" content=\"Ti Calotas-Algarve Style\" \/>\n<meta property=\"article:publisher\" content=\"https:\/\/www.facebook.com\/profile.php?id=61558178113987\" \/>\n<meta property=\"article:modified_time\" content=\"2026-02-20T18:21:30+00:00\" \/>\n<meta property=\"og:image\" content=\"https:\/\/ticalotas.pt\/wp-content\/uploads\/2026\/02\/Generated-Image-November-06-2025-5_12PM-584x800.png\" \/>\n\t<meta property=\"og:image:width\" content=\"584\" \/>\n\t<meta property=\"og:image:height\" content=\"800\" \/>\n\t<meta property=\"og:image:type\" content=\"image\/png\" \/>\n<meta name=\"twitter:card\" content=\"summary_large_image\" \/>\n<meta name=\"twitter:label1\" content=\"Tempo estimado de leitura\" \/>\n\t<meta name=\"twitter:data1\" content=\"1 minuto\" \/>\n<script type=\"application\/ld+json\" class=\"yoast-schema-graph\">{\"@context\":\"https:\\\/\\\/schema.org\",\"@graph\":[{\"@type\":\"WebPage\",\"@id\":\"https:\\\/\\\/ticalotas.pt\\\/?product=mapa-coracao-de-faro\",\"url\":\"https:\\\/\\\/ticalotas.pt\\\/?product=mapa-coracao-de-faro\",\"name\":\"???? Mapa \u2014 Cora\u00e7\u00e3o de Faro - Ti Calotas-Algarve Style\",\"isPartOf\":{\"@id\":\"https:\\\/\\\/ticalotas.pt\\\/#website\"},\"primaryImageOfPage\":{\"@id\":\"https:\\\/\\\/ticalotas.pt\\\/?product=mapa-coracao-de-faro#primaryimage\"},\"image\":{\"@id\":\"https:\\\/\\\/ticalotas.pt\\\/?product=mapa-coracao-de-faro#primaryimage\"},\"thumbnailUrl\":\"https:\\\/\\\/ticalotas.pt\\\/wp-content\\\/uploads\\\/2026\\\/02\\\/Generated-Image-November-06-2025-5_12PM.png\",\"datePublished\":\"2025-11-10T19:39:41+00:00\",\"dateModified\":\"2026-02-20T18:21:30+00:00\",\"breadcrumb\":{\"@id\":\"https:\\\/\\\/ticalotas.pt\\\/?product=mapa-coracao-de-faro#breadcrumb\"},\"inLanguage\":\"pt-PT\",\"potentialAction\":[{\"@type\":\"ReadAction\",\"target\":[\"https:\\\/\\\/ticalotas.pt\\\/?product=mapa-coracao-de-faro\"]}]},{\"@type\":\"ImageObject\",\"inLanguage\":\"pt-PT\",\"@id\":\"https:\\\/\\\/ticalotas.pt\\\/?product=mapa-coracao-de-faro#primaryimage\",\"url\":\"https:\\\/\\\/ticalotas.pt\\\/wp-content\\\/uploads\\\/2026\\\/02\\\/Generated-Image-November-06-2025-5_12PM.png\",\"contentUrl\":\"https:\\\/\\\/ticalotas.pt\\\/wp-content\\\/uploads\\\/2026\\\/02\\\/Generated-Image-November-06-2025-5_12PM.png\",\"width\":864,\"height\":1184},{\"@type\":\"BreadcrumbList\",\"@id\":\"https:\\\/\\\/ticalotas.pt\\\/?product=mapa-coracao-de-faro#breadcrumb\",\"itemListElement\":[{\"@type\":\"ListItem\",\"position\":1,\"name\":\"In\u00edcio\",\"item\":\"https:\\\/\\\/ticalotas.pt\\\/\"},{\"@type\":\"ListItem\",\"position\":2,\"name\":\"Loja\",\"item\":\"https:\\\/\\\/ticalotas.pt\\\/?page_id=2053\"},{\"@type\":\"ListItem\",\"position\":3,\"name\":\"???? Mapa \u2014 Cora\u00e7\u00e3o de Faro\"}]},{\"@type\":\"WebSite\",\"@id\":\"https:\\\/\\\/ticalotas.pt\\\/#website\",\"url\":\"https:\\\/\\\/ticalotas.pt\\\/\",\"name\":\"Ti Calotas-Algarve Style\",\"description\":\"T-shirts com express\u00f5es t\u00edpicas do Algarve, trocadilhos e frases divertidas.  Sweatshirts confort\u00e1veis com designs originais ligados \u00e0 cultura algarvia. Canecas com ilustra\u00e7\u00f5es e frases que celebram o esp\u00edrito do sul. Bon\u00e9s estilosos com mensagens humor\u00edsticas ou express\u00f5es locais.  Posters e ilustra\u00e7\u00f5es inspirados na vida e tradi\u00e7\u00f5es do Algarve.\",\"publisher\":{\"@id\":\"https:\\\/\\\/ticalotas.pt\\\/#organization\"},\"potentialAction\":[{\"@type\":\"SearchAction\",\"target\":{\"@type\":\"EntryPoint\",\"urlTemplate\":\"https:\\\/\\\/ticalotas.pt\\\/?s={search_term_string}\"},\"query-input\":{\"@type\":\"PropertyValueSpecification\",\"valueRequired\":true,\"valueName\":\"search_term_string\"}}],\"inLanguage\":\"pt-PT\"},{\"@type\":\"Organization\",\"@id\":\"https:\\\/\\\/ticalotas.pt\\\/#organization\",\"name\":\"Ti Calotas-Algarve Style\",\"url\":\"https:\\\/\\\/ticalotas.pt\\\/\",\"logo\":{\"@type\":\"ImageObject\",\"inLanguage\":\"pt-PT\",\"@id\":\"https:\\\/\\\/ticalotas.pt\\\/#\\\/schema\\\/logo\\\/image\\\/\",\"url\":\"https:\\\/\\\/ticalotas.pt\\\/wp-content\\\/uploads\\\/2026\\\/02\\\/ti\u00b4calotas-2.png\",\"contentUrl\":\"https:\\\/\\\/ticalotas.pt\\\/wp-content\\\/uploads\\\/2026\\\/02\\\/ti\u00b4calotas-2.png\",\"width\":1000,\"height\":1000,\"caption\":\"Ti Calotas-Algarve Style\"},\"image\":{\"@id\":\"https:\\\/\\\/ticalotas.pt\\\/#\\\/schema\\\/logo\\\/image\\\/\"},\"sameAs\":[\"https:\\\/\\\/www.facebook.com\\\/profile.php?id=61558178113987\",\"https:\\\/\\\/www.instagram.com\\\/ticalotas2024\"]}]}<\/script>\n<!-- \/ Yoast SEO plugin. -->","yoast_head_json":{"title":"???? Mapa \u2014 Cora\u00e7\u00e3o de Faro - Ti Calotas-Algarve Style","robots":{"index":"index","follow":"follow","max-snippet":"max-snippet:-1","max-image-preview":"max-image-preview:large","max-video-preview":"max-video-preview:-1"},"canonical":"https:\/\/ticalotas.pt\/?product=mapa-coracao-de-faro","og_locale":"pt_PT","og_type":"article","og_title":"???? Mapa \u2014 Cora\u00e7\u00e3o de Faro - Ti Calotas-Algarve Style","og_description":"Leva o cora\u00e7\u00e3o de Faro contigo, onde quer que estejas.Este p\u00f3ster em MDF, com o mapa da cidade de Faro inserido num cora\u00e7\u00e3o, \u00e9 um tributo \u00e0 capital do Algarve \u2014 \u00e0s suas ruas cheias de hist\u00f3rias, ao cheiro do mar e \u00e0 luz que nunca se apaga. Feito com amor e aten\u00e7\u00e3o ao detalhe, este mapa \u00e9 mais do que decora\u00e7\u00e3o: \u00e9 um s\u00edmbolo de identidade e saudade, perfeito para quem nasceu, viveu ou simplesmente se apaixonou por Faro. ???? Porque o cora\u00e7\u00e3o algarvio tamb\u00e9m se desenha nas paredes. ???? Mais do que um mapa \u2014 uma declara\u00e7\u00e3o de amor \u00e0 terra.","og_url":"https:\/\/ticalotas.pt\/?product=mapa-coracao-de-faro","og_site_name":"Ti Calotas-Algarve Style","article_publisher":"https:\/\/www.facebook.com\/profile.php?id=61558178113987","article_modified_time":"2026-02-20T18:21:30+00:00","og_image":[{"width":584,"height":800,"url":"https:\/\/ticalotas.pt\/wp-content\/uploads\/2026\/02\/Generated-Image-November-06-2025-5_12PM-584x800.png","type":"image\/png"}],"twitter_card":"summary_large_image","twitter_misc":{"Tempo estimado de leitura":"1 minuto"},"schema":{"@context":"https:\/\/schema.org","@graph":[{"@type":"WebPage","@id":"https:\/\/ticalotas.pt\/?product=mapa-coracao-de-faro","url":"https:\/\/ticalotas.pt\/?product=mapa-coracao-de-faro","name":"???? Mapa \u2014 Cora\u00e7\u00e3o de Faro - Ti Calotas-Algarve Style","isPartOf":{"@id":"https:\/\/ticalotas.pt\/#website"},"primaryImageOfPage":{"@id":"https:\/\/ticalotas.pt\/?product=mapa-coracao-de-faro#primaryimage"},"image":{"@id":"https:\/\/ticalotas.pt\/?product=mapa-coracao-de-faro#primaryimage"},"thumbnailUrl":"https:\/\/ticalotas.pt\/wp-content\/uploads\/2026\/02\/Generated-Image-November-06-2025-5_12PM.png","datePublished":"2025-11-10T19:39:41+00:00","dateModified":"2026-02-20T18:21:30+00:00","breadcrumb":{"@id":"https:\/\/ticalotas.pt\/?product=mapa-coracao-de-faro#breadcrumb"},"inLanguage":"pt-PT","potentialAction":[{"@type":"ReadAction","target":["https:\/\/ticalotas.pt\/?product=mapa-coracao-de-faro"]}]},{"@type":"ImageObject","inLanguage":"pt-PT","@id":"https:\/\/ticalotas.pt\/?product=mapa-coracao-de-faro#primaryimage","url":"https:\/\/ticalotas.pt\/wp-content\/uploads\/2026\/02\/Generated-Image-November-06-2025-5_12PM.png","contentUrl":"https:\/\/ticalotas.pt\/wp-content\/uploads\/2026\/02\/Generated-Image-November-06-2025-5_12PM.png","width":864,"height":1184},{"@type":"BreadcrumbList","@id":"https:\/\/ticalotas.pt\/?product=mapa-coracao-de-faro#breadcrumb","itemListElement":[{"@type":"ListItem","position":1,"name":"In\u00edcio","item":"https:\/\/ticalotas.pt\/"},{"@type":"ListItem","position":2,"name":"Loja","item":"https:\/\/ticalotas.pt\/?page_id=2053"},{"@type":"ListItem","position":3,"name":"???? Mapa \u2014 Cora\u00e7\u00e3o de Faro"}]},{"@type":"WebSite","@id":"https:\/\/ticalotas.pt\/#website","url":"https:\/\/ticalotas.pt\/","name":"Ti Calotas-Algarve Style","description":"T-shirts com express\u00f5es t\u00edpicas do Algarve, trocadilhos e frases divertidas.  Sweatshirts confort\u00e1veis com designs originais ligados \u00e0 cultura algarvia. Canecas com ilustra\u00e7\u00f5es e frases que celebram o esp\u00edrito do sul. Bon\u00e9s estilosos com mensagens humor\u00edsticas ou express\u00f5es locais.  Posters e ilustra\u00e7\u00f5es inspirados na vida e tradi\u00e7\u00f5es do Algarve.","publisher":{"@id":"https:\/\/ticalotas.pt\/#organization"},"potentialAction":[{"@type":"SearchAction","target":{"@type":"EntryPoint","urlTemplate":"https:\/\/ticalotas.pt\/?s={search_term_string}"},"query-input":{"@type":"PropertyValueSpecification","valueRequired":true,"valueName":"search_term_string"}}],"inLanguage":"pt-PT"},{"@type":"Organization","@id":"https:\/\/ticalotas.pt\/#organization","name":"Ti Calotas-Algarve Style","url":"https:\/\/ticalotas.pt\/","logo":{"@type":"ImageObject","inLanguage":"pt-PT","@id":"https:\/\/ticalotas.pt\/#\/schema\/logo\/image\/","url":"https:\/\/ticalotas.pt\/wp-content\/uploads\/2026\/02\/ti\u00b4calotas-2.png","contentUrl":"https:\/\/ticalotas.pt\/wp-content\/uploads\/2026\/02\/ti\u00b4calotas-2.png","width":1000,"height":1000,"caption":"Ti Calotas-Algarve Style"},"image":{"@id":"https:\/\/ticalotas.pt\/#\/schema\/logo\/image\/"},"sameAs":["https:\/\/www.facebook.com\/profile.php?id=61558178113987","https:\/\/www.instagram.com\/ticalotas2024"]}]}},"jetpack_publicize_connections":[],"jetpack_sharing_enabled":true,"jetpack_likes_enabled":true,"_links":{"self":[{"href":"https:\/\/ticalotas.pt\/index.php?rest_route=\/wp\/v2\/product\/8325","targetHints":{"allow":["GET"]}}],"collection":[{"href":"https:\/\/ticalotas.pt\/index.php?rest_route=\/wp\/v2\/product"}],"about":[{"href":"https:\/\/ticalotas.pt\/index.php?rest_route=\/wp\/v2\/types\/product"}],"replies":[{"embeddable":true,"href":"https:\/\/ticalotas.pt\/index.php?rest_route=%2Fwp%2Fv2%2Fcomments&post=8325"}],"wp:featuredmedia":[{"embeddable":true,"href":"https:\/\/ticalotas.pt\/index.php?rest_route=\/wp\/v2\/media\/9365"}],"wp:attachment":[{"href":"https:\/\/ticalotas.pt\/index.php?rest_route=%2Fwp%2Fv2%2Fmedia&parent=8325"}],"wp:term":[{"taxonomy":"product_brand","embeddable":true,"href":"https:\/\/ticalotas.pt\/index.php?rest_route=%2Fwp%2Fv2%2Fproduct_brand&post=8325"},{"taxonomy":"product_cat","embeddable":true,"href":"https:\/\/ticalotas.pt\/index.php?rest_route=%2Fwp%2Fv2%2Fproduct_cat&post=8325"},{"taxonomy":"product_tag","embeddable":true,"href":"https:\/\/ticalotas.pt\/index.php?rest_route=%2Fwp%2Fv2%2Fproduct_tag&post=8325"}],"curies":[{"name":"wp","href":"https:\/\/api.w.org\/{rel}","templated":true}]}}