{"id":9376,"date":"2026-02-20T19:38:02","date_gmt":"2026-02-20T19:38:02","guid":{"rendered":"http:\/\/localcalotas.local\/?post_type=product&#038;p=9376"},"modified":"2026-04-01T16:14:58","modified_gmt":"2026-04-01T16:14:58","slug":"t-shirt-ti-calotas-algarve-style","status":"publish","type":"product","link":"https:\/\/ticalotas.pt\/?product=t-shirt-ti-calotas-algarve-style","title":{"rendered":"T-Shirt &#8220;Ti Calotas &#8211; Algarve Style&#8221;"},"content":{"rendered":"<p class=\"\" data-start=\"169\" data-end=\"202\">\u2600\ufe0f Sol, sardinha e muita pinta!<\/p>\n<p class=\"\" data-start=\"169\" data-end=\"202\">A t-shirt \u201cTi Calotas \u2013 Algarve Style\u201d \u00e9 uma explos\u00e3o de boa disposi\u00e7\u00e3o com sabor a ver\u00e3o eterno. Inspirada nas paisagens, nas personagens e nos dizeres algarvios, esta pe\u00e7a junta tudo o que \u00e9 nosso com um toque pop e bem humorado. Do polvo guitarrista ao sol sorridente, esta t-shirt \u00e9 mais algarvia que Dom Rodrigo em feira. Ideal para locais de cora\u00e7\u00e3o ou camones com alma de c\u00e1!<\/p>\n<p>&nbsp;<\/p>\n","protected":false},"excerpt":{"rendered":"<p class=\"\" data-start=\"169\" data-end=\"202\">???? Sol, sardinha e muita pinta!<\/p>\n<p class=\"\" data-start=\"169\" data-end=\"202\">A t-shirt \u201cTi Calotas \u2013 Algarve Style\u201d \u00e9 uma explos\u00e3o de boa disposi\u00e7\u00e3o com sabor a ver\u00e3o eterno. Inspirada nas paisagens, nas personagens e nos dizeres algarvios, esta pe\u00e7a junta tudo o que \u00e9 nosso com um toque pop e bem humorado. Do polvo guitarrista ao sol sorridente, esta t-shirt \u00e9 mais algarvia que Dom Rodrigo em feira. Ideal para locais de cora\u00e7\u00e3o ou camones com alma de c\u00e1!<\/p>\n<ul>\n<li>T-shirt 100% algod\u00e3o org\u00e2nico.<\/li>\n<li>Algod\u00e3o penteado produzida em Portugal com 180 grs.<\/li>\n<li>Tecido lavado.<\/li>\n<li>Tecido de malha com canelado 1\u00d71.<\/li>\n<li>C\u00f3s interior do tecido principal n\u00e3o canelado.<\/li>\n<li>Ponto duplo nos punhos e na bainha inferior.<\/li>\n<li><img decoding=\"async\" class=\"\" title=\"UN MUNDO MELLOR\" src=\"https:\/\/www.nikisgalicia.com\/fotos\/logos\/umm.png\" alt=\"UN MUNDO MELLOR\" width=\"56\" height=\"56\" \/>\u00a0<img decoding=\"async\" class=\"\" title=\"GOTS -Global Organic Textile Standard\" src=\"https:\/\/www.nikisgalicia.com\/fotos\/logos\/gots.png\" alt=\"GOTS -Global Organic Textile Standard\" width=\"55\" height=\"55\" \/>\u00a0<img decoding=\"async\" class=\"\" title=\"OCS blended\" src=\"https:\/\/www.nikisgalicia.com\/fotos\/logos\/ob.png\" alt=\"OCS blended\" width=\"57\" height=\"57\" \/><img loading=\"lazy\" decoding=\"async\" class=\"\" title=\"PETA Approved Vegan\" src=\"https:\/\/www.nikisgalicia.com\/fotos\/logos\/peta.png\" alt=\"PETA Approved Vegan\" width=\"65\" height=\"65\" \/>\u00a0<img loading=\"lazy\" decoding=\"async\" class=\"\" title=\"OEKO-TEX\u00ae\" src=\"https:\/\/www.nikisgalicia.com\/fotos\/logos\/oeko.png\" alt=\"OEKO-TEX\u00ae\" width=\"65\" height=\"65\" \/>\u00a0<img loading=\"lazy\" decoding=\"async\" class=\"\" title=\"Algod\u00f3n 100%\" src=\"https:\/\/www.nikisgalicia.com\/fotos\/logos\/algodon100.png\" alt=\"Algod\u00f3n 100%\" width=\"68\" height=\"68\" \/><\/li>\n<li><img loading=\"lazy\" decoding=\"async\" class=\"\" title=\"Lavado\" src=\"https:\/\/www.nikisgalicia.com\/fotos\/logos\/lavado.png\" alt=\"Lavado\" width=\"337\" height=\"34\" \/><\/li>\n<\/ul>\n","protected":false},"featured_media":10177,"comment_status":"open","ping_status":"closed","template":"","meta":{"googlesitekit_rrm_CAowwe67DA:productID":"","site-sidebar-layout":"default","site-content-layout":"","ast-site-content-layout":"default","site-content-style":"default","site-sidebar-style":"default","ast-global-header-display":"","ast-banner-title-visibility":"","ast-main-header-display":"","ast-hfb-above-header-display":"","ast-hfb-below-header-display":"","ast-hfb-mobile-header-display":"","site-post-title":"","ast-breadcrumbs-content":"","ast-featured-img":"","footer-sml-layout":"","ast-disable-related-posts":"","theme-transparent-header-meta":"default","adv-header-id-meta":"","stick-header-meta":"","header-above-stick-meta":"","header-main-stick-meta":"","header-below-stick-meta":"","astra-migrate-meta-layouts":"set","ast-page-background-enabled":"default","ast-page-background-meta":{"desktop":{"background-color":"","background-image":"","background-repeat":"repeat","background-position":"center center","background-size":"auto","background-attachment":"scroll","background-type":"","background-media":"","overlay-type":"","overlay-color":"","overlay-opacity":"","overlay-gradient":""},"tablet":{"background-color":"","background-image":"","background-repeat":"repeat","background-position":"center center","background-size":"auto","background-attachment":"scroll","background-type":"","background-media":"","overlay-type":"","overlay-color":"","overlay-opacity":"","overlay-gradient":""},"mobile":{"background-color":"","background-image":"","background-repeat":"repeat","background-position":"center center","background-size":"auto","background-attachment":"scroll","background-type":"","background-media":"","overlay-type":"","overlay-color":"","overlay-opacity":"","overlay-gradient":""}},"ast-content-background-meta":{"desktop":{"background-color":"var(--ast-global-color-5)","background-image":"","background-repeat":"repeat","background-position":"center center","background-size":"auto","background-attachment":"scroll","background-type":"","background-media":"","overlay-type":"","overlay-color":"","overlay-opacity":"","overlay-gradient":""},"tablet":{"background-color":"var(--ast-global-color-5)","background-image":"","background-repeat":"repeat","background-position":"center center","background-size":"auto","background-attachment":"scroll","background-type":"","background-media":"","overlay-type":"","overlay-color":"","overlay-opacity":"","overlay-gradient":""},"mobile":{"background-color":"var(--ast-global-color-5)","background-image":"","background-repeat":"repeat","background-position":"center center","background-size":"auto","background-attachment":"scroll","background-type":"","background-media":"","overlay-type":"","overlay-color":"","overlay-opacity":"","overlay-gradient":""}},"jetpack_publicize_message":"","jetpack_publicize_feature_enabled":true,"jetpack_social_post_already_shared":true,"jetpack_social_options":{"image_generator_settings":{"template":"highway","default_image_id":0,"font":"","enabled":false},"version":2}},"product_brand":[],"product_cat":[23],"product_tag":[],"class_list":{"0":"post-9376","1":"product","2":"type-product","3":"status-publish","4":"has-post-thumbnail","6":"product_cat-ticalotas","7":"pa_cor-azul","8":"pa_cor-branca","9":"pa_cor-golden","10":"pa_cor-verde","11":"pa_cor-vermelho","12":"pa_tamanho-l","13":"pa_tamanho-m","14":"pa_tamanho-s","15":"pa_tamanho-xl","16":"desktop-align-left","17":"tablet-align-left","18":"mobile-align-left","20":"first","21":"instock","22":"featured","23":"taxable","24":"shipping-taxable","25":"purchasable","26":"product-type-variable"},"yoast_head":"<!-- This site is optimized with the Yoast SEO plugin v27.3 - https:\/\/yoast.com\/product\/yoast-seo-wordpress\/ -->\n<title>T-Shirt &quot;Ti Calotas - Algarve Style&quot; - Ti Calotas-Algarve Style<\/title>\n<meta name=\"description\" content=\"\u00c9 uma explos\u00e3o de boa disposi\u00e7\u00e3o com ver\u00e3o eterno. Inspirada nas paisagens, nas personagens e nos dizeres algarvio. Do polvo guitarrista ao sol sorridente\" \/>\n<meta name=\"robots\" content=\"index, follow, max-snippet:-1, max-image-preview:large, max-video-preview:-1\" \/>\n<link rel=\"canonical\" href=\"https:\/\/ticalotas.pt\/?product=t-shirt-ti-calotas-algarve-style\" \/>\n<meta property=\"og:locale\" content=\"pt_PT\" \/>\n<meta property=\"og:type\" content=\"article\" \/>\n<meta property=\"og:title\" content=\"T-Shirt &quot;Ti Calotas - Algarve Style&quot; - Ti Calotas-Algarve Style\" \/>\n<meta property=\"og:description\" content=\"\u00c9 uma explos\u00e3o de boa disposi\u00e7\u00e3o com ver\u00e3o eterno. Inspirada nas paisagens, nas personagens e nos dizeres algarvio. Do polvo guitarrista ao sol sorridente\" \/>\n<meta property=\"og:url\" content=\"https:\/\/ticalotas.pt\/?product=t-shirt-ti-calotas-algarve-style\" \/>\n<meta property=\"og:site_name\" content=\"Ti Calotas-Algarve Style\" \/>\n<meta property=\"article:publisher\" content=\"https:\/\/www.facebook.com\/profile.php?id=61558178113987\" \/>\n<meta property=\"article:modified_time\" content=\"2026-04-01T16:14:58+00:00\" \/>\n<meta property=\"og:image\" content=\"https:\/\/ticalotas.pt\/wp-content\/uploads\/2026\/03\/pomelli-image-10.png\" \/>\n\t<meta property=\"og:image:width\" content=\"1024\" \/>\n\t<meta property=\"og:image:height\" content=\"1024\" \/>\n\t<meta property=\"og:image:type\" content=\"image\/png\" \/>\n<meta name=\"twitter:card\" content=\"summary_large_image\" \/>\n<meta name=\"twitter:label1\" content=\"Tempo estimado de leitura\" \/>\n\t<meta name=\"twitter:data1\" content=\"1 minuto\" \/>\n<script type=\"application\/ld+json\" class=\"yoast-schema-graph\">{\"@context\":\"https:\\\/\\\/schema.org\",\"@graph\":[{\"@type\":\"WebPage\",\"@id\":\"https:\\\/\\\/ticalotas.pt\\\/?product=t-shirt-ti-calotas-algarve-style\",\"url\":\"https:\\\/\\\/ticalotas.pt\\\/?product=t-shirt-ti-calotas-algarve-style\",\"name\":\"T-Shirt \\\"Ti Calotas - Algarve Style\\\" - Ti Calotas-Algarve Style\",\"isPartOf\":{\"@id\":\"https:\\\/\\\/ticalotas.pt\\\/#website\"},\"primaryImageOfPage\":{\"@id\":\"https:\\\/\\\/ticalotas.pt\\\/?product=t-shirt-ti-calotas-algarve-style#primaryimage\"},\"image\":{\"@id\":\"https:\\\/\\\/ticalotas.pt\\\/?product=t-shirt-ti-calotas-algarve-style#primaryimage\"},\"thumbnailUrl\":\"https:\\\/\\\/ticalotas.pt\\\/wp-content\\\/uploads\\\/2026\\\/03\\\/pomelli-image-10.png\",\"datePublished\":\"2026-02-20T19:38:02+00:00\",\"dateModified\":\"2026-04-01T16:14:58+00:00\",\"description\":\"\u00c9 uma explos\u00e3o de boa disposi\u00e7\u00e3o com ver\u00e3o eterno. Inspirada nas paisagens, nas personagens e nos dizeres algarvio. Do polvo guitarrista ao sol sorridente\",\"breadcrumb\":{\"@id\":\"https:\\\/\\\/ticalotas.pt\\\/?product=t-shirt-ti-calotas-algarve-style#breadcrumb\"},\"inLanguage\":\"pt-PT\",\"potentialAction\":[{\"@type\":\"ReadAction\",\"target\":[\"https:\\\/\\\/ticalotas.pt\\\/?product=t-shirt-ti-calotas-algarve-style\"]}]},{\"@type\":\"ImageObject\",\"inLanguage\":\"pt-PT\",\"@id\":\"https:\\\/\\\/ticalotas.pt\\\/?product=t-shirt-ti-calotas-algarve-style#primaryimage\",\"url\":\"https:\\\/\\\/ticalotas.pt\\\/wp-content\\\/uploads\\\/2026\\\/03\\\/pomelli-image-10.png\",\"contentUrl\":\"https:\\\/\\\/ticalotas.pt\\\/wp-content\\\/uploads\\\/2026\\\/03\\\/pomelli-image-10.png\",\"width\":1024,\"height\":1024},{\"@type\":\"BreadcrumbList\",\"@id\":\"https:\\\/\\\/ticalotas.pt\\\/?product=t-shirt-ti-calotas-algarve-style#breadcrumb\",\"itemListElement\":[{\"@type\":\"ListItem\",\"position\":1,\"name\":\"In\u00edcio\",\"item\":\"https:\\\/\\\/ticalotas.pt\\\/\"},{\"@type\":\"ListItem\",\"position\":2,\"name\":\"Loja\",\"item\":\"https:\\\/\\\/ticalotas.pt\\\/?page_id=2053\"},{\"@type\":\"ListItem\",\"position\":3,\"name\":\"T-Shirt &#8220;Ti Calotas &#8211; Algarve Style&#8221;\"}]},{\"@type\":\"WebSite\",\"@id\":\"https:\\\/\\\/ticalotas.pt\\\/#website\",\"url\":\"https:\\\/\\\/ticalotas.pt\\\/\",\"name\":\"Ti Calotas-Algarve Style\",\"description\":\"T-shirts com express\u00f5es t\u00edpicas do Algarve, trocadilhos e frases divertidas.  Sweatshirts confort\u00e1veis com designs originais ligados \u00e0 cultura algarvia. Canecas com ilustra\u00e7\u00f5es e frases que celebram o esp\u00edrito do sul. Bon\u00e9s estilosos com mensagens humor\u00edsticas ou express\u00f5es locais.  Posters e ilustra\u00e7\u00f5es inspirados na vida e tradi\u00e7\u00f5es do Algarve.\",\"publisher\":{\"@id\":\"https:\\\/\\\/ticalotas.pt\\\/#organization\"},\"potentialAction\":[{\"@type\":\"SearchAction\",\"target\":{\"@type\":\"EntryPoint\",\"urlTemplate\":\"https:\\\/\\\/ticalotas.pt\\\/?s={search_term_string}\"},\"query-input\":{\"@type\":\"PropertyValueSpecification\",\"valueRequired\":true,\"valueName\":\"search_term_string\"}}],\"inLanguage\":\"pt-PT\"},{\"@type\":\"Organization\",\"@id\":\"https:\\\/\\\/ticalotas.pt\\\/#organization\",\"name\":\"Ti Calotas-Algarve Style\",\"url\":\"https:\\\/\\\/ticalotas.pt\\\/\",\"logo\":{\"@type\":\"ImageObject\",\"inLanguage\":\"pt-PT\",\"@id\":\"https:\\\/\\\/ticalotas.pt\\\/#\\\/schema\\\/logo\\\/image\\\/\",\"url\":\"https:\\\/\\\/ticalotas.pt\\\/wp-content\\\/uploads\\\/2026\\\/02\\\/ti\u00b4calotas-2.png\",\"contentUrl\":\"https:\\\/\\\/ticalotas.pt\\\/wp-content\\\/uploads\\\/2026\\\/02\\\/ti\u00b4calotas-2.png\",\"width\":1000,\"height\":1000,\"caption\":\"Ti Calotas-Algarve Style\"},\"image\":{\"@id\":\"https:\\\/\\\/ticalotas.pt\\\/#\\\/schema\\\/logo\\\/image\\\/\"},\"sameAs\":[\"https:\\\/\\\/www.facebook.com\\\/profile.php?id=61558178113987\",\"https:\\\/\\\/www.instagram.com\\\/ticalotas2024\"]}]}<\/script>\n<!-- \/ Yoast SEO plugin. -->","yoast_head_json":{"title":"T-Shirt \"Ti Calotas - Algarve Style\" - Ti Calotas-Algarve Style","description":"\u00c9 uma explos\u00e3o de boa disposi\u00e7\u00e3o com ver\u00e3o eterno. Inspirada nas paisagens, nas personagens e nos dizeres algarvio. Do polvo guitarrista ao sol sorridente","robots":{"index":"index","follow":"follow","max-snippet":"max-snippet:-1","max-image-preview":"max-image-preview:large","max-video-preview":"max-video-preview:-1"},"canonical":"https:\/\/ticalotas.pt\/?product=t-shirt-ti-calotas-algarve-style","og_locale":"pt_PT","og_type":"article","og_title":"T-Shirt \"Ti Calotas - Algarve Style\" - Ti Calotas-Algarve Style","og_description":"\u00c9 uma explos\u00e3o de boa disposi\u00e7\u00e3o com ver\u00e3o eterno. Inspirada nas paisagens, nas personagens e nos dizeres algarvio. Do polvo guitarrista ao sol sorridente","og_url":"https:\/\/ticalotas.pt\/?product=t-shirt-ti-calotas-algarve-style","og_site_name":"Ti Calotas-Algarve Style","article_publisher":"https:\/\/www.facebook.com\/profile.php?id=61558178113987","article_modified_time":"2026-04-01T16:14:58+00:00","og_image":[{"width":1024,"height":1024,"url":"https:\/\/ticalotas.pt\/wp-content\/uploads\/2026\/03\/pomelli-image-10.png","type":"image\/png"}],"twitter_card":"summary_large_image","twitter_misc":{"Tempo estimado de leitura":"1 minuto"},"schema":{"@context":"https:\/\/schema.org","@graph":[{"@type":"WebPage","@id":"https:\/\/ticalotas.pt\/?product=t-shirt-ti-calotas-algarve-style","url":"https:\/\/ticalotas.pt\/?product=t-shirt-ti-calotas-algarve-style","name":"T-Shirt \"Ti Calotas - Algarve Style\" - Ti Calotas-Algarve Style","isPartOf":{"@id":"https:\/\/ticalotas.pt\/#website"},"primaryImageOfPage":{"@id":"https:\/\/ticalotas.pt\/?product=t-shirt-ti-calotas-algarve-style#primaryimage"},"image":{"@id":"https:\/\/ticalotas.pt\/?product=t-shirt-ti-calotas-algarve-style#primaryimage"},"thumbnailUrl":"https:\/\/ticalotas.pt\/wp-content\/uploads\/2026\/03\/pomelli-image-10.png","datePublished":"2026-02-20T19:38:02+00:00","dateModified":"2026-04-01T16:14:58+00:00","description":"\u00c9 uma explos\u00e3o de boa disposi\u00e7\u00e3o com ver\u00e3o eterno. Inspirada nas paisagens, nas personagens e nos dizeres algarvio. Do polvo guitarrista ao sol sorridente","breadcrumb":{"@id":"https:\/\/ticalotas.pt\/?product=t-shirt-ti-calotas-algarve-style#breadcrumb"},"inLanguage":"pt-PT","potentialAction":[{"@type":"ReadAction","target":["https:\/\/ticalotas.pt\/?product=t-shirt-ti-calotas-algarve-style"]}]},{"@type":"ImageObject","inLanguage":"pt-PT","@id":"https:\/\/ticalotas.pt\/?product=t-shirt-ti-calotas-algarve-style#primaryimage","url":"https:\/\/ticalotas.pt\/wp-content\/uploads\/2026\/03\/pomelli-image-10.png","contentUrl":"https:\/\/ticalotas.pt\/wp-content\/uploads\/2026\/03\/pomelli-image-10.png","width":1024,"height":1024},{"@type":"BreadcrumbList","@id":"https:\/\/ticalotas.pt\/?product=t-shirt-ti-calotas-algarve-style#breadcrumb","itemListElement":[{"@type":"ListItem","position":1,"name":"In\u00edcio","item":"https:\/\/ticalotas.pt\/"},{"@type":"ListItem","position":2,"name":"Loja","item":"https:\/\/ticalotas.pt\/?page_id=2053"},{"@type":"ListItem","position":3,"name":"T-Shirt &#8220;Ti Calotas &#8211; Algarve Style&#8221;"}]},{"@type":"WebSite","@id":"https:\/\/ticalotas.pt\/#website","url":"https:\/\/ticalotas.pt\/","name":"Ti Calotas-Algarve Style","description":"T-shirts com express\u00f5es t\u00edpicas do Algarve, trocadilhos e frases divertidas.  Sweatshirts confort\u00e1veis com designs originais ligados \u00e0 cultura algarvia. Canecas com ilustra\u00e7\u00f5es e frases que celebram o esp\u00edrito do sul. Bon\u00e9s estilosos com mensagens humor\u00edsticas ou express\u00f5es locais.  Posters e ilustra\u00e7\u00f5es inspirados na vida e tradi\u00e7\u00f5es do Algarve.","publisher":{"@id":"https:\/\/ticalotas.pt\/#organization"},"potentialAction":[{"@type":"SearchAction","target":{"@type":"EntryPoint","urlTemplate":"https:\/\/ticalotas.pt\/?s={search_term_string}"},"query-input":{"@type":"PropertyValueSpecification","valueRequired":true,"valueName":"search_term_string"}}],"inLanguage":"pt-PT"},{"@type":"Organization","@id":"https:\/\/ticalotas.pt\/#organization","name":"Ti Calotas-Algarve Style","url":"https:\/\/ticalotas.pt\/","logo":{"@type":"ImageObject","inLanguage":"pt-PT","@id":"https:\/\/ticalotas.pt\/#\/schema\/logo\/image\/","url":"https:\/\/ticalotas.pt\/wp-content\/uploads\/2026\/02\/ti\u00b4calotas-2.png","contentUrl":"https:\/\/ticalotas.pt\/wp-content\/uploads\/2026\/02\/ti\u00b4calotas-2.png","width":1000,"height":1000,"caption":"Ti Calotas-Algarve Style"},"image":{"@id":"https:\/\/ticalotas.pt\/#\/schema\/logo\/image\/"},"sameAs":["https:\/\/www.facebook.com\/profile.php?id=61558178113987","https:\/\/www.instagram.com\/ticalotas2024"]}]}},"jetpack_publicize_connections":[],"jetpack_sharing_enabled":true,"jetpack_likes_enabled":true,"_links":{"self":[{"href":"https:\/\/ticalotas.pt\/index.php?rest_route=\/wp\/v2\/product\/9376","targetHints":{"allow":["GET"]}}],"collection":[{"href":"https:\/\/ticalotas.pt\/index.php?rest_route=\/wp\/v2\/product"}],"about":[{"href":"https:\/\/ticalotas.pt\/index.php?rest_route=\/wp\/v2\/types\/product"}],"replies":[{"embeddable":true,"href":"https:\/\/ticalotas.pt\/index.php?rest_route=%2Fwp%2Fv2%2Fcomments&post=9376"}],"wp:featuredmedia":[{"embeddable":true,"href":"https:\/\/ticalotas.pt\/index.php?rest_route=\/wp\/v2\/media\/10177"}],"wp:attachment":[{"href":"https:\/\/ticalotas.pt\/index.php?rest_route=%2Fwp%2Fv2%2Fmedia&parent=9376"}],"wp:term":[{"taxonomy":"product_brand","embeddable":true,"href":"https:\/\/ticalotas.pt\/index.php?rest_route=%2Fwp%2Fv2%2Fproduct_brand&post=9376"},{"taxonomy":"product_cat","embeddable":true,"href":"https:\/\/ticalotas.pt\/index.php?rest_route=%2Fwp%2Fv2%2Fproduct_cat&post=9376"},{"taxonomy":"product_tag","embeddable":true,"href":"https:\/\/ticalotas.pt\/index.php?rest_route=%2Fwp%2Fv2%2Fproduct_tag&post=9376"}],"curies":[{"name":"wp","href":"https:\/\/api.w.org\/{rel}","templated":true}]}}