{"id":9500,"date":"2026-02-21T17:49:37","date_gmt":"2026-02-21T17:49:37","guid":{"rendered":"http:\/\/localcalotas.local\/?post_type=product&#038;p=9500"},"modified":"2026-02-21T17:51:27","modified_gmt":"2026-02-21T17:51:27","slug":"poster-star-de-ferias","status":"publish","type":"product","link":"https:\/\/ticalotas.pt\/?product=poster-star-de-ferias","title":{"rendered":"Poster &#8220;STAR de F\u00e9rias&#8221;"},"content":{"rendered":"<p>Os guerreiros gal\u00e1cticos trocam os sabres de luz por protetor solar e cocktails tropicais! Darth Vader com \u00f3culos de sol, um Stormtrooper de chinelos e o Yoda a tirar uma sesta numa rede \u2014 tudo pronto para as f\u00e9rias mais \u00e9picas da gal\u00e1xia!<br \/>\nIdeal para geeks de Olh\u00e3o, f\u00e3s de Star Wars de Silves e qualquer Jedi de Tavira que mere\u00e7a um descanso \u00e0 beira-mar. Porque at\u00e9 na gal\u00e1xia muito, muito distante\u2026 todos precisam de f\u00e9rias!<\/p>\n","protected":false},"excerpt":{"rendered":"<p>Os guerreiros gal\u00e1cticos trocam os sabres de luz por protetor solar e cocktails tropicais! Darth Vader com \u00f3culos de sol, um Stormtrooper de chinelos e o Yoda a tirar uma sesta numa rede \u2014 tudo pronto para as f\u00e9rias mais \u00e9picas da gal\u00e1xia!<br \/>\nIdeal para geeks de Olh\u00e3o, f\u00e3s de Star Wars de Silves e qualquer Jedi de Tavira que mere\u00e7a um descanso \u00e0 beira-mar. Porque at\u00e9 na gal\u00e1xia muito, muito distante\u2026 todos precisam de f\u00e9rias!<\/p>\n","protected":false},"featured_media":9466,"comment_status":"open","ping_status":"closed","template":"","meta":{"googlesitekit_rrm_CAowwe67DA:productID":"","site-sidebar-layout":"default","site-content-layout":"","ast-site-content-layout":"default","site-content-style":"default","site-sidebar-style":"default","ast-global-header-display":"","ast-banner-title-visibility":"","ast-main-header-display":"","ast-hfb-above-header-display":"","ast-hfb-below-header-display":"","ast-hfb-mobile-header-display":"","site-post-title":"","ast-breadcrumbs-content":"","ast-featured-img":"","footer-sml-layout":"","ast-disable-related-posts":"","theme-transparent-header-meta":"default","adv-header-id-meta":"","stick-header-meta":"","header-above-stick-meta":"","header-main-stick-meta":"","header-below-stick-meta":"","astra-migrate-meta-layouts":"set","ast-page-background-enabled":"default","ast-page-background-meta":{"desktop":{"background-color":"","background-image":"","background-repeat":"repeat","background-position":"center center","background-size":"auto","background-attachment":"scroll","background-type":"","background-media":"","overlay-type":"","overlay-color":"","overlay-opacity":"","overlay-gradient":""},"tablet":{"background-color":"","background-image":"","background-repeat":"repeat","background-position":"center center","background-size":"auto","background-attachment":"scroll","background-type":"","background-media":"","overlay-type":"","overlay-color":"","overlay-opacity":"","overlay-gradient":""},"mobile":{"background-color":"","background-image":"","background-repeat":"repeat","background-position":"center center","background-size":"auto","background-attachment":"scroll","background-type":"","background-media":"","overlay-type":"","overlay-color":"","overlay-opacity":"","overlay-gradient":""}},"ast-content-background-meta":{"desktop":{"background-color":"var(--ast-global-color-5)","background-image":"","background-repeat":"repeat","background-position":"center center","background-size":"auto","background-attachment":"scroll","background-type":"","background-media":"","overlay-type":"","overlay-color":"","overlay-opacity":"","overlay-gradient":""},"tablet":{"background-color":"var(--ast-global-color-5)","background-image":"","background-repeat":"repeat","background-position":"center center","background-size":"auto","background-attachment":"scroll","background-type":"","background-media":"","overlay-type":"","overlay-color":"","overlay-opacity":"","overlay-gradient":""},"mobile":{"background-color":"var(--ast-global-color-5)","background-image":"","background-repeat":"repeat","background-position":"center center","background-size":"auto","background-attachment":"scroll","background-type":"","background-media":"","overlay-type":"","overlay-color":"","overlay-opacity":"","overlay-gradient":""}},"jetpack_publicize_message":"","jetpack_publicize_feature_enabled":true,"jetpack_social_post_already_shared":true,"jetpack_social_options":{"image_generator_settings":{"template":"highway","default_image_id":0,"font":"","enabled":false},"version":2}},"product_brand":[],"product_cat":[30],"product_tag":[],"class_list":{"0":"post-9500","1":"product","2":"type-product","3":"status-publish","4":"has-post-thumbnail","6":"product_cat-posters","7":"desktop-align-left","8":"tablet-align-left","9":"mobile-align-left","11":"first","12":"instock","13":"taxable","14":"shipping-taxable","15":"purchasable","16":"product-type-simple"},"yoast_head":"<!-- This site is optimized with the Yoast SEO plugin v27.3 - https:\/\/yoast.com\/product\/yoast-seo-wordpress\/ -->\n<title>Poster &quot;STAR de F\u00e9rias&quot; - Ti Calotas-Algarve Style<\/title>\n<meta name=\"robots\" content=\"index, follow, max-snippet:-1, max-image-preview:large, max-video-preview:-1\" \/>\n<link rel=\"canonical\" href=\"https:\/\/ticalotas.pt\/?product=poster-star-de-ferias\" \/>\n<meta property=\"og:locale\" content=\"pt_PT\" \/>\n<meta property=\"og:type\" content=\"article\" \/>\n<meta property=\"og:title\" content=\"Poster &quot;STAR de F\u00e9rias&quot; - Ti Calotas-Algarve Style\" \/>\n<meta property=\"og:description\" content=\"Os guerreiros gal\u00e1cticos trocam os sabres de luz por protetor solar e cocktails tropicais! Darth Vader com \u00f3culos de sol, um Stormtrooper de chinelos e o Yoda a tirar uma sesta numa rede \u2014 tudo pronto para as f\u00e9rias mais \u00e9picas da gal\u00e1xia! Ideal para geeks de Olh\u00e3o, f\u00e3s de Star Wars de Silves e qualquer Jedi de Tavira que mere\u00e7a um descanso \u00e0 beira-mar. Porque at\u00e9 na gal\u00e1xia muito, muito distante\u2026 todos precisam de f\u00e9rias!\" \/>\n<meta property=\"og:url\" content=\"https:\/\/ticalotas.pt\/?product=poster-star-de-ferias\" \/>\n<meta property=\"og:site_name\" content=\"Ti Calotas-Algarve Style\" \/>\n<meta property=\"article:publisher\" content=\"https:\/\/www.facebook.com\/profile.php?id=61558178113987\" \/>\n<meta property=\"article:modified_time\" content=\"2026-02-21T17:51:27+00:00\" \/>\n<meta property=\"og:image\" content=\"https:\/\/ticalotas.pt\/wp-content\/uploads\/2026\/02\/11.png\" \/>\n\t<meta property=\"og:image:width\" content=\"1000\" \/>\n\t<meta property=\"og:image:height\" content=\"1500\" \/>\n\t<meta property=\"og:image:type\" content=\"image\/png\" \/>\n<meta name=\"twitter:card\" content=\"summary_large_image\" \/>\n<meta name=\"twitter:label1\" content=\"Tempo estimado de leitura\" \/>\n\t<meta name=\"twitter:data1\" content=\"1 minuto\" \/>\n<script type=\"application\/ld+json\" class=\"yoast-schema-graph\">{\"@context\":\"https:\\\/\\\/schema.org\",\"@graph\":[{\"@type\":\"WebPage\",\"@id\":\"https:\\\/\\\/ticalotas.pt\\\/?product=poster-star-de-ferias\",\"url\":\"https:\\\/\\\/ticalotas.pt\\\/?product=poster-star-de-ferias\",\"name\":\"Poster \\\"STAR de F\u00e9rias\\\" - Ti Calotas-Algarve Style\",\"isPartOf\":{\"@id\":\"https:\\\/\\\/ticalotas.pt\\\/#website\"},\"primaryImageOfPage\":{\"@id\":\"https:\\\/\\\/ticalotas.pt\\\/?product=poster-star-de-ferias#primaryimage\"},\"image\":{\"@id\":\"https:\\\/\\\/ticalotas.pt\\\/?product=poster-star-de-ferias#primaryimage\"},\"thumbnailUrl\":\"https:\\\/\\\/ticalotas.pt\\\/wp-content\\\/uploads\\\/2026\\\/02\\\/11.png\",\"datePublished\":\"2026-02-21T17:49:37+00:00\",\"dateModified\":\"2026-02-21T17:51:27+00:00\",\"breadcrumb\":{\"@id\":\"https:\\\/\\\/ticalotas.pt\\\/?product=poster-star-de-ferias#breadcrumb\"},\"inLanguage\":\"pt-PT\",\"potentialAction\":[{\"@type\":\"ReadAction\",\"target\":[\"https:\\\/\\\/ticalotas.pt\\\/?product=poster-star-de-ferias\"]}]},{\"@type\":\"ImageObject\",\"inLanguage\":\"pt-PT\",\"@id\":\"https:\\\/\\\/ticalotas.pt\\\/?product=poster-star-de-ferias#primaryimage\",\"url\":\"https:\\\/\\\/ticalotas.pt\\\/wp-content\\\/uploads\\\/2026\\\/02\\\/11.png\",\"contentUrl\":\"https:\\\/\\\/ticalotas.pt\\\/wp-content\\\/uploads\\\/2026\\\/02\\\/11.png\",\"width\":1000,\"height\":1500},{\"@type\":\"BreadcrumbList\",\"@id\":\"https:\\\/\\\/ticalotas.pt\\\/?product=poster-star-de-ferias#breadcrumb\",\"itemListElement\":[{\"@type\":\"ListItem\",\"position\":1,\"name\":\"In\u00edcio\",\"item\":\"https:\\\/\\\/ticalotas.pt\\\/\"},{\"@type\":\"ListItem\",\"position\":2,\"name\":\"Loja\",\"item\":\"https:\\\/\\\/ticalotas.pt\\\/?page_id=2053\"},{\"@type\":\"ListItem\",\"position\":3,\"name\":\"Poster &#8220;STAR de F\u00e9rias&#8221;\"}]},{\"@type\":\"WebSite\",\"@id\":\"https:\\\/\\\/ticalotas.pt\\\/#website\",\"url\":\"https:\\\/\\\/ticalotas.pt\\\/\",\"name\":\"Ti Calotas-Algarve Style\",\"description\":\"T-shirts com express\u00f5es t\u00edpicas do Algarve, trocadilhos e frases divertidas.  Sweatshirts confort\u00e1veis com designs originais ligados \u00e0 cultura algarvia. Canecas com ilustra\u00e7\u00f5es e frases que celebram o esp\u00edrito do sul. Bon\u00e9s estilosos com mensagens humor\u00edsticas ou express\u00f5es locais.  Posters e ilustra\u00e7\u00f5es inspirados na vida e tradi\u00e7\u00f5es do Algarve.\",\"publisher\":{\"@id\":\"https:\\\/\\\/ticalotas.pt\\\/#organization\"},\"potentialAction\":[{\"@type\":\"SearchAction\",\"target\":{\"@type\":\"EntryPoint\",\"urlTemplate\":\"https:\\\/\\\/ticalotas.pt\\\/?s={search_term_string}\"},\"query-input\":{\"@type\":\"PropertyValueSpecification\",\"valueRequired\":true,\"valueName\":\"search_term_string\"}}],\"inLanguage\":\"pt-PT\"},{\"@type\":\"Organization\",\"@id\":\"https:\\\/\\\/ticalotas.pt\\\/#organization\",\"name\":\"Ti Calotas-Algarve Style\",\"url\":\"https:\\\/\\\/ticalotas.pt\\\/\",\"logo\":{\"@type\":\"ImageObject\",\"inLanguage\":\"pt-PT\",\"@id\":\"https:\\\/\\\/ticalotas.pt\\\/#\\\/schema\\\/logo\\\/image\\\/\",\"url\":\"https:\\\/\\\/ticalotas.pt\\\/wp-content\\\/uploads\\\/2026\\\/02\\\/ti\u00b4calotas-2.png\",\"contentUrl\":\"https:\\\/\\\/ticalotas.pt\\\/wp-content\\\/uploads\\\/2026\\\/02\\\/ti\u00b4calotas-2.png\",\"width\":1000,\"height\":1000,\"caption\":\"Ti Calotas-Algarve Style\"},\"image\":{\"@id\":\"https:\\\/\\\/ticalotas.pt\\\/#\\\/schema\\\/logo\\\/image\\\/\"},\"sameAs\":[\"https:\\\/\\\/www.facebook.com\\\/profile.php?id=61558178113987\",\"https:\\\/\\\/www.instagram.com\\\/ticalotas2024\"]}]}<\/script>\n<!-- \/ Yoast SEO plugin. -->","yoast_head_json":{"title":"Poster \"STAR de F\u00e9rias\" - Ti Calotas-Algarve Style","robots":{"index":"index","follow":"follow","max-snippet":"max-snippet:-1","max-image-preview":"max-image-preview:large","max-video-preview":"max-video-preview:-1"},"canonical":"https:\/\/ticalotas.pt\/?product=poster-star-de-ferias","og_locale":"pt_PT","og_type":"article","og_title":"Poster \"STAR de F\u00e9rias\" - Ti Calotas-Algarve Style","og_description":"Os guerreiros gal\u00e1cticos trocam os sabres de luz por protetor solar e cocktails tropicais! Darth Vader com \u00f3culos de sol, um Stormtrooper de chinelos e o Yoda a tirar uma sesta numa rede \u2014 tudo pronto para as f\u00e9rias mais \u00e9picas da gal\u00e1xia! Ideal para geeks de Olh\u00e3o, f\u00e3s de Star Wars de Silves e qualquer Jedi de Tavira que mere\u00e7a um descanso \u00e0 beira-mar. Porque at\u00e9 na gal\u00e1xia muito, muito distante\u2026 todos precisam de f\u00e9rias!","og_url":"https:\/\/ticalotas.pt\/?product=poster-star-de-ferias","og_site_name":"Ti Calotas-Algarve Style","article_publisher":"https:\/\/www.facebook.com\/profile.php?id=61558178113987","article_modified_time":"2026-02-21T17:51:27+00:00","og_image":[{"width":1000,"height":1500,"url":"https:\/\/ticalotas.pt\/wp-content\/uploads\/2026\/02\/11.png","type":"image\/png"}],"twitter_card":"summary_large_image","twitter_misc":{"Tempo estimado de leitura":"1 minuto"},"schema":{"@context":"https:\/\/schema.org","@graph":[{"@type":"WebPage","@id":"https:\/\/ticalotas.pt\/?product=poster-star-de-ferias","url":"https:\/\/ticalotas.pt\/?product=poster-star-de-ferias","name":"Poster \"STAR de F\u00e9rias\" - Ti Calotas-Algarve Style","isPartOf":{"@id":"https:\/\/ticalotas.pt\/#website"},"primaryImageOfPage":{"@id":"https:\/\/ticalotas.pt\/?product=poster-star-de-ferias#primaryimage"},"image":{"@id":"https:\/\/ticalotas.pt\/?product=poster-star-de-ferias#primaryimage"},"thumbnailUrl":"https:\/\/ticalotas.pt\/wp-content\/uploads\/2026\/02\/11.png","datePublished":"2026-02-21T17:49:37+00:00","dateModified":"2026-02-21T17:51:27+00:00","breadcrumb":{"@id":"https:\/\/ticalotas.pt\/?product=poster-star-de-ferias#breadcrumb"},"inLanguage":"pt-PT","potentialAction":[{"@type":"ReadAction","target":["https:\/\/ticalotas.pt\/?product=poster-star-de-ferias"]}]},{"@type":"ImageObject","inLanguage":"pt-PT","@id":"https:\/\/ticalotas.pt\/?product=poster-star-de-ferias#primaryimage","url":"https:\/\/ticalotas.pt\/wp-content\/uploads\/2026\/02\/11.png","contentUrl":"https:\/\/ticalotas.pt\/wp-content\/uploads\/2026\/02\/11.png","width":1000,"height":1500},{"@type":"BreadcrumbList","@id":"https:\/\/ticalotas.pt\/?product=poster-star-de-ferias#breadcrumb","itemListElement":[{"@type":"ListItem","position":1,"name":"In\u00edcio","item":"https:\/\/ticalotas.pt\/"},{"@type":"ListItem","position":2,"name":"Loja","item":"https:\/\/ticalotas.pt\/?page_id=2053"},{"@type":"ListItem","position":3,"name":"Poster &#8220;STAR de F\u00e9rias&#8221;"}]},{"@type":"WebSite","@id":"https:\/\/ticalotas.pt\/#website","url":"https:\/\/ticalotas.pt\/","name":"Ti Calotas-Algarve Style","description":"T-shirts com express\u00f5es t\u00edpicas do Algarve, trocadilhos e frases divertidas.  Sweatshirts confort\u00e1veis com designs originais ligados \u00e0 cultura algarvia. Canecas com ilustra\u00e7\u00f5es e frases que celebram o esp\u00edrito do sul. Bon\u00e9s estilosos com mensagens humor\u00edsticas ou express\u00f5es locais.  Posters e ilustra\u00e7\u00f5es inspirados na vida e tradi\u00e7\u00f5es do Algarve.","publisher":{"@id":"https:\/\/ticalotas.pt\/#organization"},"potentialAction":[{"@type":"SearchAction","target":{"@type":"EntryPoint","urlTemplate":"https:\/\/ticalotas.pt\/?s={search_term_string}"},"query-input":{"@type":"PropertyValueSpecification","valueRequired":true,"valueName":"search_term_string"}}],"inLanguage":"pt-PT"},{"@type":"Organization","@id":"https:\/\/ticalotas.pt\/#organization","name":"Ti Calotas-Algarve Style","url":"https:\/\/ticalotas.pt\/","logo":{"@type":"ImageObject","inLanguage":"pt-PT","@id":"https:\/\/ticalotas.pt\/#\/schema\/logo\/image\/","url":"https:\/\/ticalotas.pt\/wp-content\/uploads\/2026\/02\/ti\u00b4calotas-2.png","contentUrl":"https:\/\/ticalotas.pt\/wp-content\/uploads\/2026\/02\/ti\u00b4calotas-2.png","width":1000,"height":1000,"caption":"Ti Calotas-Algarve Style"},"image":{"@id":"https:\/\/ticalotas.pt\/#\/schema\/logo\/image\/"},"sameAs":["https:\/\/www.facebook.com\/profile.php?id=61558178113987","https:\/\/www.instagram.com\/ticalotas2024"]}]}},"jetpack_publicize_connections":[],"jetpack_sharing_enabled":true,"jetpack_likes_enabled":true,"_links":{"self":[{"href":"https:\/\/ticalotas.pt\/index.php?rest_route=\/wp\/v2\/product\/9500","targetHints":{"allow":["GET"]}}],"collection":[{"href":"https:\/\/ticalotas.pt\/index.php?rest_route=\/wp\/v2\/product"}],"about":[{"href":"https:\/\/ticalotas.pt\/index.php?rest_route=\/wp\/v2\/types\/product"}],"replies":[{"embeddable":true,"href":"https:\/\/ticalotas.pt\/index.php?rest_route=%2Fwp%2Fv2%2Fcomments&post=9500"}],"wp:featuredmedia":[{"embeddable":true,"href":"https:\/\/ticalotas.pt\/index.php?rest_route=\/wp\/v2\/media\/9466"}],"wp:attachment":[{"href":"https:\/\/ticalotas.pt\/index.php?rest_route=%2Fwp%2Fv2%2Fmedia&parent=9500"}],"wp:term":[{"taxonomy":"product_brand","embeddable":true,"href":"https:\/\/ticalotas.pt\/index.php?rest_route=%2Fwp%2Fv2%2Fproduct_brand&post=9500"},{"taxonomy":"product_cat","embeddable":true,"href":"https:\/\/ticalotas.pt\/index.php?rest_route=%2Fwp%2Fv2%2Fproduct_cat&post=9500"},{"taxonomy":"product_tag","embeddable":true,"href":"https:\/\/ticalotas.pt\/index.php?rest_route=%2Fwp%2Fv2%2Fproduct_tag&post=9500"}],"curies":[{"name":"wp","href":"https:\/\/api.w.org\/{rel}","templated":true}]}}